{"id":6366,"date":"2025-10-06T12:48:56","date_gmt":"2025-10-06T11:48:56","guid":{"rendered":"https:\/\/traincrescendo.nl\/?page_id=6366"},"modified":"2026-01-19T09:38:48","modified_gmt":"2026-01-19T08:38:48","slug":"opleidingen-op-maat","status":"publish","type":"page","link":"https:\/\/traincrescendo.nl\/de\/opleidingen-op-maat\/","title":{"rendered":"Ma\u00dfgeschneiderte Schulungskurse"},"content":{"rendered":"<div data-elementor-type=\"wp-page\" data-elementor-id=\"6366\" class=\"elementor elementor-6366\" data-elementor-post-type=\"page\">\n\t\t\t\t<div class=\"elementor-element elementor-element-a6ed6bd e-flex e-con-boxed e-con e-parent\" data-id=\"a6ed6bd\" data-element_type=\"container\" data-e-type=\"container\" data-settings=\"{&quot;background_background&quot;:&quot;classic&quot;}\">\n\t\t\t\t\t<div class=\"e-con-inner\">\n\t\t\t\t\t<\/div>\n\t\t\t\t<\/div>\n\t\t<div class=\"elementor-element elementor-element-3a42714 e-flex e-con-boxed e-con e-parent\" data-id=\"3a42714\" data-element_type=\"container\" data-e-type=\"container\">\n\t\t\t\t\t<div class=\"e-con-inner\">\n\t\t<div class=\"elementor-element elementor-element-e75ecdc e-con-full e-flex e-con e-child\" data-id=\"e75ecdc\" data-element_type=\"container\" data-e-type=\"container\">\n\t\t\t\t<div class=\"elementor-element elementor-element-a6e2eef elementor-widget elementor-widget-heading\" data-id=\"a6e2eef\" data-element_type=\"widget\" data-e-type=\"widget\" data-widget_type=\"heading.default\">\n\t\t\t\t<div class=\"elementor-widget-container\">\n\t\t\t\t\t<h2 class=\"elementor-heading-title elementor-size-default\">Ma\u00dfgeschneiderte Schulungskurse<\/h2>\t\t\t\t<\/div>\n\t\t\t\t<\/div>\n\t\t\t\t<div class=\"elementor-element elementor-element-782d387 elementor-widget elementor-widget-text-editor\" data-id=\"782d387\" data-element_type=\"widget\" data-e-type=\"widget\" data-widget_type=\"text-editor.default\">\n\t\t\t\t<div class=\"elementor-widget-container\">\n\t\t\t\t\t\t\t\t\t<p data-tango-click-id=\"1a057516-55a7-45b5-8b6d-9a08c064e4ac\">Jedes Jahr stellen wir die\u00a0<strong>Nebenfach Grundbau<\/strong> voor <strong>Talland College<\/strong>\u00a0aus Hoorn und Heerhugowaard sowie aus den Abteilungen Bau und Infra. Ein Nebenfach ist ein freiwillig gew\u00e4hltes Zusatzfach. Die Studenten kommen an 10 Dienstagen an unseren Standort in Hoorn und werden jede Woche in einem bestimmten Teil von Foundation Engineering unterrichtet. Anhand verschiedener F\u00e4lle m\u00fcssen sie am Ende des Kurses eine L\u00f6sung pr\u00e4sentieren, die sie mit Hilfe der gewonnenen Informationen und Recherchen erarbeitet haben. Beispiele sind das Lesen eines CPT oder das Verstehen einer Pfahlberechnung. Auch das Arbeiten in kontaminierten B\u00f6den und die dabei zu treffenden Ma\u00dfnahmen sind ein wichtiger Bestandteil der Arbeit. Abschlie\u00dfend pr\u00e4sentieren die Sch\u00fcler ihre Arbeit in kleinen Gruppen und die Bewertung wird in eine echte Note umgewandelt.<\/p><p>Sind Sie auch an einer ma\u00dfgeschneiderten Schulung f\u00fcr Ihr Unternehmen interessiert?<\/p>\t\t\t\t\t\t\t\t<\/div>\n\t\t\t\t<\/div>\n\t\t\t\t<div class=\"elementor-element elementor-element-4ff8559 elementor-align-left elementor-widget elementor-widget-button\" data-id=\"4ff8559\" data-element_type=\"widget\" data-e-type=\"widget\" data-widget_type=\"button.default\">\n\t\t\t\t<div class=\"elementor-widget-container\">\n\t\t\t\t\t\t\t\t\t<div class=\"elementor-button-wrapper\">\n\t\t\t\t\t<a class=\"elementor-button elementor-button-link elementor-size-sm\" href=\"\/de\/contact\/\">\n\t\t\t\t\t\t<span class=\"elementor-button-content-wrapper\">\n\t\t\t\t\t\t<span class=\"elementor-button-icon\">\n\t\t\t\t<svg aria-hidden=\"true\" class=\"e-font-icon-svg e-fas-caret-right\" viewbox=\"0 0 192 512\" xmlns=\"http:\/\/www.w3.org\/2000\/svg\"><path d=\"M0 384.662V127.338c0-17.818 21.543-26.741 34.142-14.142l128.662 128.662c7.81 7.81 7.81 20.474 0 28.284L34.142 398.804C21.543 411.404 0 402.48 0 384.662z\"><\/path><\/svg>\t\t\t<\/span>\n\t\t\t\t\t\t\t\t\t<span class=\"elementor-button-text\">Kontakt aufnehmen<\/span>\n\t\t\t\t\t<\/span>\n\t\t\t\t\t<\/a>\n\t\t\t\t<\/div>\n\t\t\t\t\t\t\t\t<\/div>\n\t\t\t\t<\/div>\n\t\t\t\t<\/div>\n\t\t<div class=\"elementor-element elementor-element-5eb7d79 e-con-full e-flex e-con e-child\" data-id=\"5eb7d79\" data-element_type=\"container\" data-e-type=\"container\" data-settings=\"{&quot;background_background&quot;:&quot;classic&quot;}\">\n\t\t\t\t<div class=\"elementor-element elementor-element-1d2e1b7 elementor-widget elementor-widget-image\" data-id=\"1d2e1b7\" data-element_type=\"widget\" data-e-type=\"widget\" data-widget_type=\"image.default\">\n\t\t\t\t<div class=\"elementor-widget-container\">\n\t\t\t\t\t\t\t\t\t\t\t\t\t\t\t<img fetchpriority=\"high\" decoding=\"async\" width=\"800\" height=\"974\" src=\"https:\/\/traincrescendo.nl\/wp-content\/uploads\/2019\/06\/Joop-Appie-e1561031421149-841x1024.jpg\" class=\"attachment-large size-large wp-image-2765\" alt=\"\" srcset=\"https:\/\/traincrescendo.nl\/wp-content\/uploads\/2019\/06\/Joop-Appie-e1561031421149-841x1024.jpg 841w, https:\/\/traincrescendo.nl\/wp-content\/uploads\/2019\/06\/Joop-Appie-e1561031421149-246x300.jpg 246w, https:\/\/traincrescendo.nl\/wp-content\/uploads\/2019\/06\/Joop-Appie-e1561031421149-768x935.jpg 768w\" sizes=\"(max-width: 800px) 100vw, 800px\" \/>\t\t\t\t\t\t\t\t\t\t\t\t\t\t\t<\/div>\n\t\t\t\t<\/div>\n\t\t\t\t<\/div>\n\t\t\t\t\t<\/div>\n\t\t\t\t<\/div>\n\t\t\t\t<\/div>","protected":false},"excerpt":{"rendered":"<p>Opleidingen op maat Elk jaar verzorgen wij de\u00a0minor Funderingstechniek voor Talland College\u00a0uit Hoorn en Heerhugowaard en de afdelingen Bouw en Infra. Een minor is een vrijwillig extra vak waarvoor wordt gekozen. De leerlingen komen 10 dinsdagen naar onze locatie in Hoorn en krijgen elke week les in een specifiek onderdeel van de Funderingstechnieken. Aan de [&hellip;]<\/p>\n","protected":false},"author":108,"featured_media":0,"parent":0,"menu_order":0,"comment_status":"closed","ping_status":"closed","template":"","meta":{"_acf_changed":false,"footnotes":""},"class_list":["post-6366","page","type-page","status-publish","hentry"],"acf":[],"yoast_head":"<!-- This site is optimized with the Yoast SEO plugin v27.4 - https:\/\/yoast.com\/product\/yoast-seo-wordpress\/ -->\n<title>Opleidingen op maat - Trainingscentrum Crescendo<\/title>\n<meta name=\"robots\" content=\"index, follow, max-snippet:-1, max-image-preview:large, max-video-preview:-1\" \/>\n<link rel=\"canonical\" href=\"https:\/\/traincrescendo.nl\/de\/opleidingen-op-maat\/\" \/>\n<meta property=\"og:locale\" content=\"de_DE\" \/>\n<meta property=\"og:type\" content=\"article\" \/>\n<meta property=\"og:title\" content=\"Opleidingen op maat - Trainingscentrum Crescendo\" \/>\n<meta property=\"og:description\" content=\"Opleidingen op maat Elk jaar verzorgen wij de\u00a0minor Funderingstechniek voor Talland College\u00a0uit Hoorn en Heerhugowaard en de afdelingen Bouw en Infra. Een minor is een vrijwillig extra vak waarvoor wordt gekozen. De leerlingen komen 10 dinsdagen naar onze locatie in Hoorn en krijgen elke week les in een specifiek onderdeel van de Funderingstechnieken. Aan de [&hellip;]\" \/>\n<meta property=\"og:url\" content=\"https:\/\/traincrescendo.nl\/de\/opleidingen-op-maat\/\" \/>\n<meta property=\"og:site_name\" content=\"Trainingscentrum Crescendo\" \/>\n<meta property=\"article:modified_time\" content=\"2026-01-19T08:38:48+00:00\" \/>\n<meta property=\"og:image\" content=\"https:\/\/traincrescendo.nl\/wp-content\/uploads\/2019\/06\/Joop-Appie-e1561031421149.jpg\" \/>\n\t<meta property=\"og:image:width\" content=\"2268\" \/>\n\t<meta property=\"og:image:height\" content=\"2761\" \/>\n\t<meta property=\"og:image:type\" content=\"image\/jpeg\" \/>\n<meta name=\"twitter:card\" content=\"summary_large_image\" \/>\n<meta name=\"twitter:label1\" content=\"Gesch\u00e4tzte Lesezeit\" \/>\n\t<meta name=\"twitter:data1\" content=\"1\u00a0Minute\" \/>\n<script type=\"application\/ld+json\" class=\"yoast-schema-graph\">{\"@context\":\"https:\\\/\\\/schema.org\",\"@graph\":[{\"@type\":\"WebPage\",\"@id\":\"https:\\\/\\\/traincrescendo.nl\\\/opleidingen-op-maat\\\/\",\"url\":\"https:\\\/\\\/traincrescendo.nl\\\/opleidingen-op-maat\\\/\",\"name\":\"Opleidingen op maat - Trainingscentrum Crescendo\",\"isPartOf\":{\"@id\":\"https:\\\/\\\/traincrescendo.nl\\\/#website\"},\"primaryImageOfPage\":{\"@id\":\"https:\\\/\\\/traincrescendo.nl\\\/opleidingen-op-maat\\\/#primaryimage\"},\"image\":{\"@id\":\"https:\\\/\\\/traincrescendo.nl\\\/opleidingen-op-maat\\\/#primaryimage\"},\"thumbnailUrl\":\"https:\\\/\\\/traincrescendo.nl\\\/wp-content\\\/uploads\\\/2019\\\/06\\\/Joop-Appie-e1561031421149-841x1024.jpg\",\"datePublished\":\"2025-10-06T11:48:56+00:00\",\"dateModified\":\"2026-01-19T08:38:48+00:00\",\"breadcrumb\":{\"@id\":\"https:\\\/\\\/traincrescendo.nl\\\/opleidingen-op-maat\\\/#breadcrumb\"},\"inLanguage\":\"de\",\"potentialAction\":[{\"@type\":\"ReadAction\",\"target\":[\"https:\\\/\\\/traincrescendo.nl\\\/opleidingen-op-maat\\\/\"]}]},{\"@type\":\"ImageObject\",\"inLanguage\":\"de\",\"@id\":\"https:\\\/\\\/traincrescendo.nl\\\/opleidingen-op-maat\\\/#primaryimage\",\"url\":\"https:\\\/\\\/traincrescendo.nl\\\/wp-content\\\/uploads\\\/2019\\\/06\\\/Joop-Appie-e1561031421149-841x1024.jpg\",\"contentUrl\":\"https:\\\/\\\/traincrescendo.nl\\\/wp-content\\\/uploads\\\/2019\\\/06\\\/Joop-Appie-e1561031421149-841x1024.jpg\"},{\"@type\":\"BreadcrumbList\",\"@id\":\"https:\\\/\\\/traincrescendo.nl\\\/opleidingen-op-maat\\\/#breadcrumb\",\"itemListElement\":[{\"@type\":\"ListItem\",\"position\":1,\"name\":\"Home\",\"item\":\"https:\\\/\\\/traincrescendo.nl\\\/\"},{\"@type\":\"ListItem\",\"position\":2,\"name\":\"Opleidingen op maat\"}]},{\"@type\":\"WebSite\",\"@id\":\"https:\\\/\\\/traincrescendo.nl\\\/#website\",\"url\":\"https:\\\/\\\/traincrescendo.nl\\\/\",\"name\":\"Trainingscentrum Crescendo\",\"description\":\"\",\"publisher\":{\"@id\":\"https:\\\/\\\/traincrescendo.nl\\\/#organization\"},\"potentialAction\":[{\"@type\":\"SearchAction\",\"target\":{\"@type\":\"EntryPoint\",\"urlTemplate\":\"https:\\\/\\\/traincrescendo.nl\\\/?s={search_term_string}\"},\"query-input\":{\"@type\":\"PropertyValueSpecification\",\"valueRequired\":true,\"valueName\":\"search_term_string\"}}],\"inLanguage\":\"de\"},{\"@type\":\"Organization\",\"@id\":\"https:\\\/\\\/traincrescendo.nl\\\/#organization\",\"name\":\"Trainingscentrum Crescendo\",\"url\":\"https:\\\/\\\/traincrescendo.nl\\\/\",\"logo\":{\"@type\":\"ImageObject\",\"inLanguage\":\"de\",\"@id\":\"https:\\\/\\\/traincrescendo.nl\\\/#\\\/schema\\\/logo\\\/image\\\/\",\"url\":\"https:\\\/\\\/traincrescendo.nl\\\/wp-content\\\/uploads\\\/2023\\\/01\\\/Kleur-Crescendo-logo-scaled-e1758794516592.png\",\"contentUrl\":\"https:\\\/\\\/traincrescendo.nl\\\/wp-content\\\/uploads\\\/2023\\\/01\\\/Kleur-Crescendo-logo-scaled-e1758794516592.png\",\"width\":2560,\"height\":1105,\"caption\":\"Trainingscentrum Crescendo\"},\"image\":{\"@id\":\"https:\\\/\\\/traincrescendo.nl\\\/#\\\/schema\\\/logo\\\/image\\\/\"}}]}<\/script>\n<!-- \/ Yoast SEO plugin. -->","yoast_head_json":{"title":"Opleidingen op maat - Trainingscentrum Crescendo","robots":{"index":"index","follow":"follow","max-snippet":"max-snippet:-1","max-image-preview":"max-image-preview:large","max-video-preview":"max-video-preview:-1"},"canonical":"https:\/\/traincrescendo.nl\/de\/opleidingen-op-maat\/","og_locale":"de_DE","og_type":"article","og_title":"Opleidingen op maat - Trainingscentrum Crescendo","og_description":"Opleidingen op maat Elk jaar verzorgen wij de\u00a0minor Funderingstechniek voor Talland College\u00a0uit Hoorn en Heerhugowaard en de afdelingen Bouw en Infra. Een minor is een vrijwillig extra vak waarvoor wordt gekozen. De leerlingen komen 10 dinsdagen naar onze locatie in Hoorn en krijgen elke week les in een specifiek onderdeel van de Funderingstechnieken. Aan de [&hellip;]","og_url":"https:\/\/traincrescendo.nl\/de\/opleidingen-op-maat\/","og_site_name":"Trainingscentrum Crescendo","article_modified_time":"2026-01-19T08:38:48+00:00","og_image":[{"width":2268,"height":2761,"url":"https:\/\/traincrescendo.nl\/wp-content\/uploads\/2019\/06\/Joop-Appie-e1561031421149.jpg","type":"image\/jpeg"}],"twitter_card":"summary_large_image","twitter_misc":{"Gesch\u00e4tzte Lesezeit":"1\u00a0Minute"},"schema":{"@context":"https:\/\/schema.org","@graph":[{"@type":"WebPage","@id":"https:\/\/traincrescendo.nl\/opleidingen-op-maat\/","url":"https:\/\/traincrescendo.nl\/opleidingen-op-maat\/","name":"Opleidingen op maat - Trainingscentrum Crescendo","isPartOf":{"@id":"https:\/\/traincrescendo.nl\/#website"},"primaryImageOfPage":{"@id":"https:\/\/traincrescendo.nl\/opleidingen-op-maat\/#primaryimage"},"image":{"@id":"https:\/\/traincrescendo.nl\/opleidingen-op-maat\/#primaryimage"},"thumbnailUrl":"https:\/\/traincrescendo.nl\/wp-content\/uploads\/2019\/06\/Joop-Appie-e1561031421149-841x1024.jpg","datePublished":"2025-10-06T11:48:56+00:00","dateModified":"2026-01-19T08:38:48+00:00","breadcrumb":{"@id":"https:\/\/traincrescendo.nl\/opleidingen-op-maat\/#breadcrumb"},"inLanguage":"de","potentialAction":[{"@type":"ReadAction","target":["https:\/\/traincrescendo.nl\/opleidingen-op-maat\/"]}]},{"@type":"ImageObject","inLanguage":"de","@id":"https:\/\/traincrescendo.nl\/opleidingen-op-maat\/#primaryimage","url":"https:\/\/traincrescendo.nl\/wp-content\/uploads\/2019\/06\/Joop-Appie-e1561031421149-841x1024.jpg","contentUrl":"https:\/\/traincrescendo.nl\/wp-content\/uploads\/2019\/06\/Joop-Appie-e1561031421149-841x1024.jpg"},{"@type":"BreadcrumbList","@id":"https:\/\/traincrescendo.nl\/opleidingen-op-maat\/#breadcrumb","itemListElement":[{"@type":"ListItem","position":1,"name":"Home","item":"https:\/\/traincrescendo.nl\/"},{"@type":"ListItem","position":2,"name":"Opleidingen op maat"}]},{"@type":"WebSite","@id":"https:\/\/traincrescendo.nl\/#website","url":"https:\/\/traincrescendo.nl\/","name":"Trainingscentrum Crescendo","description":"","publisher":{"@id":"https:\/\/traincrescendo.nl\/#organization"},"potentialAction":[{"@type":"SearchAction","target":{"@type":"EntryPoint","urlTemplate":"https:\/\/traincrescendo.nl\/?s={search_term_string}"},"query-input":{"@type":"PropertyValueSpecification","valueRequired":true,"valueName":"search_term_string"}}],"inLanguage":"de"},{"@type":"Organization","@id":"https:\/\/traincrescendo.nl\/#organization","name":"Trainingscentrum Crescendo","url":"https:\/\/traincrescendo.nl\/","logo":{"@type":"ImageObject","inLanguage":"de","@id":"https:\/\/traincrescendo.nl\/#\/schema\/logo\/image\/","url":"https:\/\/traincrescendo.nl\/wp-content\/uploads\/2023\/01\/Kleur-Crescendo-logo-scaled-e1758794516592.png","contentUrl":"https:\/\/traincrescendo.nl\/wp-content\/uploads\/2023\/01\/Kleur-Crescendo-logo-scaled-e1758794516592.png","width":2560,"height":1105,"caption":"Trainingscentrum Crescendo"},"image":{"@id":"https:\/\/traincrescendo.nl\/#\/schema\/logo\/image\/"}}]}},"_links":{"self":[{"href":"https:\/\/traincrescendo.nl\/de\/wp-json\/wp\/v2\/pages\/6366","targetHints":{"allow":["GET"]}}],"collection":[{"href":"https:\/\/traincrescendo.nl\/de\/wp-json\/wp\/v2\/pages"}],"about":[{"href":"https:\/\/traincrescendo.nl\/de\/wp-json\/wp\/v2\/types\/page"}],"author":[{"embeddable":true,"href":"https:\/\/traincrescendo.nl\/de\/wp-json\/wp\/v2\/users\/108"}],"replies":[{"embeddable":true,"href":"https:\/\/traincrescendo.nl\/de\/wp-json\/wp\/v2\/comments?post=6366"}],"version-history":[{"count":8,"href":"https:\/\/traincrescendo.nl\/de\/wp-json\/wp\/v2\/pages\/6366\/revisions"}],"predecessor-version":[{"id":6590,"href":"https:\/\/traincrescendo.nl\/de\/wp-json\/wp\/v2\/pages\/6366\/revisions\/6590"}],"wp:attachment":[{"href":"https:\/\/traincrescendo.nl\/de\/wp-json\/wp\/v2\/media?parent=6366"}],"curies":[{"name":"wp","href":"https:\/\/api.w.org\/{rel}","templated":true}]}}