{"id":5400,"date":"2024-01-25T15:59:38","date_gmt":"2024-01-25T14:59:38","guid":{"rendered":"https:\/\/traincrescendo.nl\/?page_id=5400"},"modified":"2025-10-06T12:51:26","modified_gmt":"2025-10-06T11:51:26","slug":"les-op-school","status":"publish","type":"page","link":"https:\/\/traincrescendo.nl\/de\/les-op-school\/","title":{"rendered":"Unterricht in der Schule"},"content":{"rendered":"<div data-elementor-type=\"wp-page\" data-elementor-id=\"5400\" class=\"elementor elementor-5400\" data-elementor-post-type=\"page\">\n\t\t\t\t<div class=\"elementor-element elementor-element-2f68495 e-flex e-con-boxed e-con e-parent\" data-id=\"2f68495\" data-element_type=\"container\" data-e-type=\"container\" data-settings=\"{&quot;background_background&quot;:&quot;classic&quot;}\">\n\t\t\t\t\t<div class=\"e-con-inner\">\n\t\t\t\t\t<\/div>\n\t\t\t\t<\/div>\n\t\t<div class=\"elementor-element elementor-element-b99d5b7 e-flex e-con-boxed e-con e-parent\" data-id=\"b99d5b7\" data-element_type=\"container\" data-e-type=\"container\">\n\t\t\t\t\t<div class=\"e-con-inner\">\n\t\t<div class=\"elementor-element elementor-element-888788d e-con-full e-flex e-con e-child\" data-id=\"888788d\" data-element_type=\"container\" data-e-type=\"container\">\n\t\t\t\t<div class=\"elementor-element elementor-element-e29811a elementor-widget elementor-widget-heading\" data-id=\"e29811a\" data-element_type=\"widget\" data-e-type=\"widget\" data-widget_type=\"heading.default\">\n\t\t\t\t<div class=\"elementor-widget-container\">\n\t\t\t\t\t<h2 class=\"elementor-heading-title elementor-size-default\">Ausbildungszentrum Crescendo unterrichtet auch in Schulen\n<\/h2>\t\t\t\t<\/div>\n\t\t\t\t<\/div>\n\t\t\t\t<div class=\"elementor-element elementor-element-8fcd1fc elementor-widget elementor-widget-text-editor\" data-id=\"8fcd1fc\" data-element_type=\"widget\" data-e-type=\"widget\" data-widget_type=\"text-editor.default\">\n\t\t\t\t<div class=\"elementor-widget-container\">\n\t\t\t\t\t\t\t\t\t<p style=\"font-weight: 400;\">Wir m\u00f6chten unsere Leidenschaft f\u00fcr Technik auch au\u00dferhalb unserer Mauern teilen. Deshalb besuchen wir regelm\u00e4\u00dfig Schulen, um \u00fcber unser Fachgebiet zu informieren. Mit unserem Wissen aus dem Beruf und aus unserem Ausbildungszentrum sind wir gut ger\u00fcstet, um Kinder und Jugendliche \u00fcber (die Arbeit in) der Technik zu informieren. Ob es sich um die neuesten Entwicklungen, Karrierem\u00f6glichkeiten oder praktische Informationen handelt, wir sind bereit, zu erz\u00e4hlen und zu inspirieren.<\/p><p style=\"font-weight: 400;\">W\u00e4hrend unserer Gaststunde zum Thema Technologie werden wir gemeinsam mit der Klasse auf Entdeckungsreise gehen! Wir teilen den Tag auf interaktive und ansprechende Weise auf und haben Spa\u00df daran, \u00fcber verschiedene Themen zu sprechen. Gemeinsam mit der Schule schauen wir, was gebraucht wird. Zu den Themen, die wir oft diskutieren, geh\u00f6ren:<\/p>\t\t\t\t\t\t\t\t<\/div>\n\t\t\t\t<\/div>\n\t\t\t\t<div class=\"elementor-element elementor-element-cd0c8b4 elementor-icon-list--layout-traditional elementor-list-item-link-full_width elementor-widget elementor-widget-icon-list\" data-id=\"cd0c8b4\" data-element_type=\"widget\" data-e-type=\"widget\" data-widget_type=\"icon-list.default\">\n\t\t\t\t<div class=\"elementor-widget-container\">\n\t\t\t\t\t\t\t<ul class=\"elementor-icon-list-items\">\n\t\t\t\t\t\t\t<li class=\"elementor-icon-list-item\">\n\t\t\t\t\t\t\t\t\t\t\t<span class=\"elementor-icon-list-icon\">\n\t\t\t\t\t\t\t<svg aria-hidden=\"true\" class=\"e-font-icon-svg e-fas-check\" viewbox=\"0 0 512 512\" xmlns=\"http:\/\/www.w3.org\/2000\/svg\"><path d=\"M173.898 439.404l-166.4-166.4c-9.997-9.997-9.997-26.206 0-36.204l36.203-36.204c9.997-9.998 26.207-9.998 36.204 0L192 312.69 432.095 72.596c9.997-9.997 26.207-9.997 36.204 0l36.203 36.204c9.997 9.997 9.997 26.206 0 36.204l-294.4 294.401c-9.998 9.997-26.207 9.997-36.204-.001z\"><\/path><\/svg>\t\t\t\t\t\t<\/span>\n\t\t\t\t\t\t\t\t\t\t<span class=\"elementor-icon-list-text\">Was ist Technologie?<\/span>\n\t\t\t\t\t\t\t\t\t<\/li>\n\t\t\t\t\t\t\t\t<li class=\"elementor-icon-list-item\">\n\t\t\t\t\t\t\t\t\t\t\t<span class=\"elementor-icon-list-icon\">\n\t\t\t\t\t\t\t<svg aria-hidden=\"true\" class=\"e-font-icon-svg e-fas-check\" viewbox=\"0 0 512 512\" xmlns=\"http:\/\/www.w3.org\/2000\/svg\"><path d=\"M173.898 439.404l-166.4-166.4c-9.997-9.997-9.997-26.206 0-36.204l36.203-36.204c9.997-9.998 26.207-9.998 36.204 0L192 312.69 432.095 72.596c9.997-9.997 26.207-9.997 36.204 0l36.203 36.204c9.997 9.997 9.997 26.206 0 36.204l-294.4 294.401c-9.998 9.997-26.207 9.997-36.204-.001z\"><\/path><\/svg>\t\t\t\t\t\t<\/span>\n\t\t\t\t\t\t\t\t\t\t<span class=\"elementor-icon-list-text\">Arbeiten im Ingenieurwesen<\/span>\n\t\t\t\t\t\t\t\t\t<\/li>\n\t\t\t\t\t\t\t\t<li class=\"elementor-icon-list-item\">\n\t\t\t\t\t\t\t\t\t\t\t<span class=\"elementor-icon-list-icon\">\n\t\t\t\t\t\t\t<svg aria-hidden=\"true\" class=\"e-font-icon-svg e-fas-check\" viewbox=\"0 0 512 512\" xmlns=\"http:\/\/www.w3.org\/2000\/svg\"><path d=\"M173.898 439.404l-166.4-166.4c-9.997-9.997-9.997-26.206 0-36.204l36.203-36.204c9.997-9.998 26.207-9.998 36.204 0L192 312.69 432.095 72.596c9.997-9.997 26.207-9.997 36.204 0l36.203 36.204c9.997 9.997 9.997 26.206 0 36.204l-294.4 294.401c-9.998 9.997-26.207 9.997-36.204-.001z\"><\/path><\/svg>\t\t\t\t\t\t<\/span>\n\t\t\t\t\t\t\t\t\t\t<span class=\"elementor-icon-list-text\">Karrierem\u00f6glichkeiten<\/span>\n\t\t\t\t\t\t\t\t\t<\/li>\n\t\t\t\t\t\t\t\t<li class=\"elementor-icon-list-item\">\n\t\t\t\t\t\t\t\t\t\t\t<span class=\"elementor-icon-list-icon\">\n\t\t\t\t\t\t\t<svg aria-hidden=\"true\" class=\"e-font-icon-svg e-fas-check\" viewbox=\"0 0 512 512\" xmlns=\"http:\/\/www.w3.org\/2000\/svg\"><path d=\"M173.898 439.404l-166.4-166.4c-9.997-9.997-9.997-26.206 0-36.204l36.203-36.204c9.997-9.998 26.207-9.998 36.204 0L192 312.69 432.095 72.596c9.997-9.997 26.207-9.997 36.204 0l36.203 36.204c9.997 9.997 9.997 26.206 0 36.204l-294.4 294.401c-9.998 9.997-26.207 9.997-36.204-.001z\"><\/path><\/svg>\t\t\t\t\t\t<\/span>\n\t\t\t\t\t\t\t\t\t\t<span class=\"elementor-icon-list-text\">Zukunft der Technologie<\/span>\n\t\t\t\t\t\t\t\t\t<\/li>\n\t\t\t\t\t\t<\/ul>\n\t\t\t\t\t\t<\/div>\n\t\t\t\t<\/div>\n\t\t\t\t<div class=\"elementor-element elementor-element-f146e1e elementor-widget elementor-widget-text-editor\" data-id=\"f146e1e\" data-element_type=\"widget\" data-e-type=\"widget\" data-widget_type=\"text-editor.default\">\n\t\t\t\t<div class=\"elementor-widget-container\">\n\t\t\t\t\t\t\t\t\t<p style=\"font-weight: 400;\">Gemeinsam mit der Schule sehen wir, welche Bed\u00fcrfnisse Sie haben und stimmen den Gastunterricht gerne auf Ihre Bed\u00fcrfnisse ab. Z\u00f6gern Sie nicht, uns zu kontaktieren! Schicken Sie uns eine E-Mail und wer wei\u00df, vielleicht kommen wir schon bald in Ihre Schule, um unsere Leidenschaft f\u00fcr Technik zu teilen.<\/p>\t\t\t\t\t\t\t\t<\/div>\n\t\t\t\t<\/div>\n\t\t\t\t<\/div>\n\t\t<div class=\"elementor-element elementor-element-8b59357 e-con-full e-flex e-con e-child\" data-id=\"8b59357\" data-element_type=\"container\" data-e-type=\"container\" data-settings=\"{&quot;background_background&quot;:&quot;classic&quot;}\">\n\t\t\t\t<div class=\"elementor-element elementor-element-87d5c42 elementor-widget elementor-widget-heading\" data-id=\"87d5c42\" data-element_type=\"widget\" data-e-type=\"widget\" data-widget_type=\"heading.default\">\n\t\t\t\t<div class=\"elementor-widget-container\">\n\t\t\t\t\t<h2 class=\"elementor-heading-title elementor-size-default\">Haben Sie eine Frage oder w\u00fcnschen Sie weitere Informationen?<\/h2>\t\t\t\t<\/div>\n\t\t\t\t<\/div>\n\t\t\t\t<div class=\"elementor-element elementor-element-043a887 elementor-icon-list--layout-traditional elementor-list-item-link-full_width elementor-widget elementor-widget-icon-list\" data-id=\"043a887\" data-element_type=\"widget\" data-e-type=\"widget\" data-widget_type=\"icon-list.default\">\n\t\t\t\t<div class=\"elementor-widget-container\">\n\t\t\t\t\t\t\t<ul class=\"elementor-icon-list-items\">\n\t\t\t\t\t\t\t<li class=\"elementor-icon-list-item\">\n\t\t\t\t\t\t\t\t\t\t\t<span class=\"elementor-icon-list-icon\">\n\t\t\t\t\t\t\t<svg aria-hidden=\"true\" class=\"e-font-icon-svg e-fas-envelope\" viewbox=\"0 0 512 512\" xmlns=\"http:\/\/www.w3.org\/2000\/svg\"><path d=\"M502.3 190.8c3.9-3.1 9.7-.2 9.7 4.7V400c0 26.5-21.5 48-48 48H48c-26.5 0-48-21.5-48-48V195.6c0-5 5.7-7.8 9.7-4.7 22.4 17.4 52.1 39.5 154.1 113.6 21.1 15.4 56.7 47.8 92.2 47.6 35.7.3 72-32.8 92.3-47.6 102-74.1 131.6-96.3 154-113.7zM256 320c23.2.4 56.6-29.2 73.4-41.4 132.7-96.3 142.8-104.7 173.4-128.7 5.8-4.5 9.2-11.5 9.2-18.9v-19c0-26.5-21.5-48-48-48H48C21.5 64 0 85.5 0 112v19c0 7.4 3.4 14.3 9.2 18.9 30.6 23.9 40.7 32.4 173.4 128.7 16.8 12.2 50.2 41.8 73.4 41.4z\"><\/path><\/svg>\t\t\t\t\t\t<\/span>\n\t\t\t\t\t\t\t\t\t\t<span class=\"elementor-icon-list-text\">info@traincrescendo.nl<\/span>\n\t\t\t\t\t\t\t\t\t<\/li>\n\t\t\t\t\t\t\t\t<li class=\"elementor-icon-list-item\">\n\t\t\t\t\t\t\t\t\t\t\t<span class=\"elementor-icon-list-icon\">\n\t\t\t\t\t\t\t<svg aria-hidden=\"true\" class=\"e-font-icon-svg e-fas-phone\" viewbox=\"0 0 512 512\" xmlns=\"http:\/\/www.w3.org\/2000\/svg\"><path d=\"M493.4 24.6l-104-24c-11.3-2.6-22.9 3.3-27.5 13.9l-48 112c-4.2 9.8-1.4 21.3 6.9 28l60.6 49.6c-36 76.7-98.9 140.5-177.2 177.2l-49.6-60.6c-6.8-8.3-18.2-11.1-28-6.9l-112 48C3.9 366.5-2 378.1.6 389.4l24 104C27.1 504.2 36.7 512 48 512c256.1 0 464-207.5 464-464 0-11.2-7.7-20.9-18.6-23.4z\"><\/path><\/svg>\t\t\t\t\t\t<\/span>\n\t\t\t\t\t\t\t\t\t\t<span class=\"elementor-icon-list-text\">+31 229 729 430<\/span>\n\t\t\t\t\t\t\t\t\t<\/li>\n\t\t\t\t\t\t<\/ul>\n\t\t\t\t\t\t<\/div>\n\t\t\t\t<\/div>\n\t\t\t\t<div class=\"elementor-element elementor-element-11e453c elementor-align-left elementor-widget elementor-widget-button\" data-id=\"11e453c\" data-element_type=\"widget\" data-e-type=\"widget\" data-widget_type=\"button.default\">\n\t\t\t\t<div class=\"elementor-widget-container\">\n\t\t\t\t\t\t\t\t\t<div class=\"elementor-button-wrapper\">\n\t\t\t\t\t<a class=\"elementor-button elementor-button-link elementor-size-sm\" href=\"\/de\/contact\/\">\n\t\t\t\t\t\t<span class=\"elementor-button-content-wrapper\">\n\t\t\t\t\t\t<span class=\"elementor-button-icon\">\n\t\t\t\t<svg aria-hidden=\"true\" class=\"e-font-icon-svg e-fas-caret-right\" viewbox=\"0 0 192 512\" xmlns=\"http:\/\/www.w3.org\/2000\/svg\"><path d=\"M0 384.662V127.338c0-17.818 21.543-26.741 34.142-14.142l128.662 128.662c7.81 7.81 7.81 20.474 0 28.284L34.142 398.804C21.543 411.404 0 402.48 0 384.662z\"><\/path><\/svg>\t\t\t<\/span>\n\t\t\t\t\t\t\t\t\t<span class=\"elementor-button-text\">Kontakt aufnehmen<\/span>\n\t\t\t\t\t<\/span>\n\t\t\t\t\t<\/a>\n\t\t\t\t<\/div>\n\t\t\t\t\t\t\t\t<\/div>\n\t\t\t\t<\/div>\n\t\t\t\t<\/div>\n\t\t\t\t\t<\/div>\n\t\t\t\t<\/div>\n\t\t\t\t<\/div>","protected":false},"excerpt":{"rendered":"<p>Trainingscentrum Crescendo geeft ook les op scholen Wij delen graag onze passie voor techniek, ook buiten onze muren. Daarom gaan wij regelmatig naar scholen om voorlichting te geven over ons vakgebied. Met onze kennis uit het vak en vanuit ons opleidingscentrum zijn wij goed uitgerust om kinderen en jongeren te informeren over (werken in) de [&hellip;]<\/p>\n","protected":false},"author":108,"featured_media":0,"parent":0,"menu_order":0,"comment_status":"closed","ping_status":"closed","template":"","meta":{"_acf_changed":false,"footnotes":""},"class_list":["post-5400","page","type-page","status-publish","hentry"],"acf":[],"yoast_head":"<!-- This site is optimized with the Yoast SEO plugin v27.4 - https:\/\/yoast.com\/product\/yoast-seo-wordpress\/ -->\n<title>Les op school - Trainingscentrum Crescendo<\/title>\n<meta name=\"robots\" content=\"index, follow, max-snippet:-1, max-image-preview:large, max-video-preview:-1\" \/>\n<link rel=\"canonical\" href=\"https:\/\/traincrescendo.nl\/de\/les-op-school\/\" \/>\n<meta property=\"og:locale\" content=\"de_DE\" \/>\n<meta property=\"og:type\" content=\"article\" \/>\n<meta property=\"og:title\" content=\"Les op school - Trainingscentrum Crescendo\" \/>\n<meta property=\"og:description\" content=\"Trainingscentrum Crescendo geeft ook les op scholen Wij delen graag onze passie voor techniek, ook buiten onze muren. Daarom gaan wij regelmatig naar scholen om voorlichting te geven over ons vakgebied. Met onze kennis uit het vak en vanuit ons opleidingscentrum zijn wij goed uitgerust om kinderen en jongeren te informeren over (werken in) de [&hellip;]\" \/>\n<meta property=\"og:url\" content=\"https:\/\/traincrescendo.nl\/de\/les-op-school\/\" \/>\n<meta property=\"og:site_name\" content=\"Trainingscentrum Crescendo\" \/>\n<meta property=\"article:modified_time\" content=\"2025-10-06T11:51:26+00:00\" \/>\n<meta name=\"twitter:card\" content=\"summary_large_image\" \/>\n<meta name=\"twitter:label1\" content=\"Gesch\u00e4tzte Lesezeit\" \/>\n\t<meta name=\"twitter:data1\" content=\"1\u00a0Minute\" \/>\n<script type=\"application\/ld+json\" class=\"yoast-schema-graph\">{\"@context\":\"https:\\\/\\\/schema.org\",\"@graph\":[{\"@type\":\"WebPage\",\"@id\":\"https:\\\/\\\/traincrescendo.nl\\\/les-op-school\\\/\",\"url\":\"https:\\\/\\\/traincrescendo.nl\\\/les-op-school\\\/\",\"name\":\"Les op school - Trainingscentrum Crescendo\",\"isPartOf\":{\"@id\":\"https:\\\/\\\/traincrescendo.nl\\\/#website\"},\"datePublished\":\"2024-01-25T14:59:38+00:00\",\"dateModified\":\"2025-10-06T11:51:26+00:00\",\"breadcrumb\":{\"@id\":\"https:\\\/\\\/traincrescendo.nl\\\/les-op-school\\\/#breadcrumb\"},\"inLanguage\":\"de\",\"potentialAction\":[{\"@type\":\"ReadAction\",\"target\":[\"https:\\\/\\\/traincrescendo.nl\\\/les-op-school\\\/\"]}]},{\"@type\":\"BreadcrumbList\",\"@id\":\"https:\\\/\\\/traincrescendo.nl\\\/les-op-school\\\/#breadcrumb\",\"itemListElement\":[{\"@type\":\"ListItem\",\"position\":1,\"name\":\"Home\",\"item\":\"https:\\\/\\\/traincrescendo.nl\\\/\"},{\"@type\":\"ListItem\",\"position\":2,\"name\":\"Les op school\"}]},{\"@type\":\"WebSite\",\"@id\":\"https:\\\/\\\/traincrescendo.nl\\\/#website\",\"url\":\"https:\\\/\\\/traincrescendo.nl\\\/\",\"name\":\"Trainingscentrum Crescendo\",\"description\":\"\",\"publisher\":{\"@id\":\"https:\\\/\\\/traincrescendo.nl\\\/#organization\"},\"potentialAction\":[{\"@type\":\"SearchAction\",\"target\":{\"@type\":\"EntryPoint\",\"urlTemplate\":\"https:\\\/\\\/traincrescendo.nl\\\/?s={search_term_string}\"},\"query-input\":{\"@type\":\"PropertyValueSpecification\",\"valueRequired\":true,\"valueName\":\"search_term_string\"}}],\"inLanguage\":\"de\"},{\"@type\":\"Organization\",\"@id\":\"https:\\\/\\\/traincrescendo.nl\\\/#organization\",\"name\":\"Trainingscentrum Crescendo\",\"url\":\"https:\\\/\\\/traincrescendo.nl\\\/\",\"logo\":{\"@type\":\"ImageObject\",\"inLanguage\":\"de\",\"@id\":\"https:\\\/\\\/traincrescendo.nl\\\/#\\\/schema\\\/logo\\\/image\\\/\",\"url\":\"https:\\\/\\\/traincrescendo.nl\\\/wp-content\\\/uploads\\\/2023\\\/01\\\/Kleur-Crescendo-logo-scaled-e1758794516592.png\",\"contentUrl\":\"https:\\\/\\\/traincrescendo.nl\\\/wp-content\\\/uploads\\\/2023\\\/01\\\/Kleur-Crescendo-logo-scaled-e1758794516592.png\",\"width\":2560,\"height\":1105,\"caption\":\"Trainingscentrum Crescendo\"},\"image\":{\"@id\":\"https:\\\/\\\/traincrescendo.nl\\\/#\\\/schema\\\/logo\\\/image\\\/\"}}]}<\/script>\n<!-- \/ Yoast SEO plugin. -->","yoast_head_json":{"title":"Les op school - Trainingscentrum Crescendo","robots":{"index":"index","follow":"follow","max-snippet":"max-snippet:-1","max-image-preview":"max-image-preview:large","max-video-preview":"max-video-preview:-1"},"canonical":"https:\/\/traincrescendo.nl\/de\/les-op-school\/","og_locale":"de_DE","og_type":"article","og_title":"Les op school - Trainingscentrum Crescendo","og_description":"Trainingscentrum Crescendo geeft ook les op scholen Wij delen graag onze passie voor techniek, ook buiten onze muren. Daarom gaan wij regelmatig naar scholen om voorlichting te geven over ons vakgebied. Met onze kennis uit het vak en vanuit ons opleidingscentrum zijn wij goed uitgerust om kinderen en jongeren te informeren over (werken in) de [&hellip;]","og_url":"https:\/\/traincrescendo.nl\/de\/les-op-school\/","og_site_name":"Trainingscentrum Crescendo","article_modified_time":"2025-10-06T11:51:26+00:00","twitter_card":"summary_large_image","twitter_misc":{"Gesch\u00e4tzte Lesezeit":"1\u00a0Minute"},"schema":{"@context":"https:\/\/schema.org","@graph":[{"@type":"WebPage","@id":"https:\/\/traincrescendo.nl\/les-op-school\/","url":"https:\/\/traincrescendo.nl\/les-op-school\/","name":"Les op school - Trainingscentrum Crescendo","isPartOf":{"@id":"https:\/\/traincrescendo.nl\/#website"},"datePublished":"2024-01-25T14:59:38+00:00","dateModified":"2025-10-06T11:51:26+00:00","breadcrumb":{"@id":"https:\/\/traincrescendo.nl\/les-op-school\/#breadcrumb"},"inLanguage":"de","potentialAction":[{"@type":"ReadAction","target":["https:\/\/traincrescendo.nl\/les-op-school\/"]}]},{"@type":"BreadcrumbList","@id":"https:\/\/traincrescendo.nl\/les-op-school\/#breadcrumb","itemListElement":[{"@type":"ListItem","position":1,"name":"Home","item":"https:\/\/traincrescendo.nl\/"},{"@type":"ListItem","position":2,"name":"Les op school"}]},{"@type":"WebSite","@id":"https:\/\/traincrescendo.nl\/#website","url":"https:\/\/traincrescendo.nl\/","name":"Trainingscentrum Crescendo","description":"","publisher":{"@id":"https:\/\/traincrescendo.nl\/#organization"},"potentialAction":[{"@type":"SearchAction","target":{"@type":"EntryPoint","urlTemplate":"https:\/\/traincrescendo.nl\/?s={search_term_string}"},"query-input":{"@type":"PropertyValueSpecification","valueRequired":true,"valueName":"search_term_string"}}],"inLanguage":"de"},{"@type":"Organization","@id":"https:\/\/traincrescendo.nl\/#organization","name":"Trainingscentrum Crescendo","url":"https:\/\/traincrescendo.nl\/","logo":{"@type":"ImageObject","inLanguage":"de","@id":"https:\/\/traincrescendo.nl\/#\/schema\/logo\/image\/","url":"https:\/\/traincrescendo.nl\/wp-content\/uploads\/2023\/01\/Kleur-Crescendo-logo-scaled-e1758794516592.png","contentUrl":"https:\/\/traincrescendo.nl\/wp-content\/uploads\/2023\/01\/Kleur-Crescendo-logo-scaled-e1758794516592.png","width":2560,"height":1105,"caption":"Trainingscentrum Crescendo"},"image":{"@id":"https:\/\/traincrescendo.nl\/#\/schema\/logo\/image\/"}}]}},"_links":{"self":[{"href":"https:\/\/traincrescendo.nl\/de\/wp-json\/wp\/v2\/pages\/5400","targetHints":{"allow":["GET"]}}],"collection":[{"href":"https:\/\/traincrescendo.nl\/de\/wp-json\/wp\/v2\/pages"}],"about":[{"href":"https:\/\/traincrescendo.nl\/de\/wp-json\/wp\/v2\/types\/page"}],"author":[{"embeddable":true,"href":"https:\/\/traincrescendo.nl\/de\/wp-json\/wp\/v2\/users\/108"}],"replies":[{"embeddable":true,"href":"https:\/\/traincrescendo.nl\/de\/wp-json\/wp\/v2\/comments?post=5400"}],"version-history":[{"count":37,"href":"https:\/\/traincrescendo.nl\/de\/wp-json\/wp\/v2\/pages\/5400\/revisions"}],"predecessor-version":[{"id":6370,"href":"https:\/\/traincrescendo.nl\/de\/wp-json\/wp\/v2\/pages\/5400\/revisions\/6370"}],"wp:attachment":[{"href":"https:\/\/traincrescendo.nl\/de\/wp-json\/wp\/v2\/media?parent=5400"}],"curies":[{"name":"wp","href":"https:\/\/api.w.org\/{rel}","templated":true}]}}