{"id":405,"date":"2017-03-16T15:23:08","date_gmt":"2017-03-16T14:23:08","guid":{"rendered":"https:\/\/traincrescendo.nl\/?page_id=405"},"modified":"2026-01-22T15:36:02","modified_gmt":"2026-01-22T14:36:02","slug":"algemene-voorwaarden","status":"publish","type":"page","link":"https:\/\/traincrescendo.nl\/de\/algemene-voorwaarden\/","title":{"rendered":"Allgemeine Bedingungen und Konditionen"},"content":{"rendered":"<div data-elementor-type=\"wp-page\" data-elementor-id=\"405\" class=\"elementor elementor-405\" data-elementor-post-type=\"page\">\n\t\t\t\t<div class=\"elementor-element elementor-element-145db92 e-flex e-con-boxed e-con e-parent\" data-id=\"145db92\" data-element_type=\"container\" data-e-type=\"container\" data-settings=\"{&quot;background_background&quot;:&quot;classic&quot;}\">\n\t\t\t\t\t<div class=\"e-con-inner\">\n\t\t\t\t\t<\/div>\n\t\t\t\t<\/div>\n\t\t<div class=\"elementor-element elementor-element-ae2964f e-flex e-con-boxed e-con e-parent\" data-id=\"ae2964f\" data-element_type=\"container\" data-e-type=\"container\">\n\t\t\t\t\t<div class=\"e-con-inner\">\n\t\t\t\t<div class=\"elementor-element elementor-element-a1d2bbe elementor-widget elementor-widget-heading\" data-id=\"a1d2bbe\" data-element_type=\"widget\" data-e-type=\"widget\" data-widget_type=\"heading.default\">\n\t\t\t\t<div class=\"elementor-widget-container\">\n\t\t\t\t\t<h1 class=\"elementor-heading-title elementor-size-default\">Allgemeine Bedingungen und Konditionen<\/h1>\t\t\t\t<\/div>\n\t\t\t\t<\/div>\n\t\t\t\t<div class=\"elementor-element elementor-element-ab38954 elementor-widget__width-initial elementor-widget-tablet__width-inherit elementor-widget elementor-widget-text-editor\" data-id=\"ab38954\" data-element_type=\"widget\" data-e-type=\"widget\" data-widget_type=\"text-editor.default\">\n\t\t\t\t<div class=\"elementor-widget-container\">\n\t\t\t\t\t\t\t\t\t<table style=\"width: 26.784%;\" width=\"237\"><tbody><tr><td style=\"width: 146.8%;\" colspan=\"2\" width=\"237\"><strong>Ausbildungszentrum Crescendo B.V.<\/strong><\/td><\/tr><tr><td style=\"width: 146.8%;\" colspan=\"2\" width=\"237\">Neutronweg 1, 1627 LG, Hoorn<\/td><\/tr><tr><td style=\"width: 28.4%;\" width=\"66\">Website:<\/td><td style=\"width: 118.4%;\" width=\"172\">www.traincrescendo.nl<\/td><\/tr><tr><td style=\"width: 28.4%;\" width=\"66\">E-Mail:<\/td><td style=\"width: 118.4%;\" width=\"172\"><span class=\"elementor-icon-list-text\">info@traincrescendo.nl<\/span><\/td><\/tr><tr><td style=\"width: 28.4%;\" width=\"66\">Telefon:<\/td><td style=\"width: 118.4%;\" width=\"172\">06 15639897<\/td><\/tr><tr><td style=\"width: 28.4%;\" width=\"66\">IBAN:<\/td><td style=\"width: 118.4%;\" width=\"172\">NL45 RABO 0307 9759 91<\/td><\/tr><tr><td style=\"width: 28.4%;\" width=\"66\">BIC:<\/td><td style=\"width: 118.4%;\" width=\"172\">RABONL2U<\/td><\/tr><tr><td style=\"width: 28.4%;\" width=\"66\">\u00dcBRIGENS:<\/td><td style=\"width: 118.4%;\" width=\"172\">NL.8558.04.920.B01<\/td><\/tr><tr><td style=\"width: 28.4%;\" width=\"66\">Handelskammer:<\/td><td style=\"width: 118.4%;\" width=\"172\">64730646<\/td><\/tr><\/tbody><\/table><p><strong>\u00a0<\/strong><\/p><p><strong>ALLGEMEINE GESCH\u00c4FTSBEDINGUNGEN<\/strong><\/p><p><strong>AUSBILDUNGSZENTRUM CRESCENDO BV<\/strong><\/p><p><strong>\u00a0<\/strong><\/p><p><strong>Artikel 1 Anwendbarkeit<\/strong><\/p><ol><li>Diese Bedingungen gelten f\u00fcr alle Vereinbarungen mit Trainingscentrum Crescendo BV \u00fcber die Teilnahme an Schulungsaktivit\u00e4ten wie Kurse, Module, Lehrg\u00e4nge und Schulungen.<\/li><li>Abweichungen von diesen Bedingungen sind nur verbindlich, wenn und soweit sie vom Ausbildungszentrum Crescendo BV schriftlich best\u00e4tigt werden.<\/li><\/ol><p><strong>\u00a0<\/strong><\/p><p><strong>Artikel 2 Abschluss des Abkommens<\/strong><\/p><ol><li>Ein von Training Centre Crescendo BV erstellter Kostenvoranschlag hat eine G\u00fcltigkeit von 3 Monaten ab dem Datum des Kostenvoranschlags, es sei denn, im Kostenvoranschlag ist etwas anderes angegeben.<\/li><li>Der Vertrag zwischen Trainingscentrum Crescendo BV und dem Besteller kommt durch die schriftliche oder m\u00fcndliche Anmeldung des Bestellers und eine von Trainingscentrum Crescendo BV unterzeichnete schriftliche Best\u00e4tigung dieser Anmeldung, einschlie\u00dflich der Rechnung, zustande.<\/li><li>Mit der Anmeldung erkl\u00e4rt der Auftraggeber, dass er die allgemeinen Teilnahmebedingungen von Trainingscentrum Crescendo BV kennt und akzeptiert. Diese Bedingungen regeln das Rechtsverh\u00e4ltnis zwischen Trainingscentrum Crescendo BV und dem Auftraggeber, sofern nicht ausdr\u00fccklich schriftlich etwas anderes vereinbart wurde.<\/li><li>(2) Ein Hauptverpflichteter im Sinne von Absatz 1 kann auch ein Bevollm\u00e4chtigter des Hauptverpflichteten f\u00fcr diesen Zweck sein.<\/li><li>Bei der Anmeldung eines Teilnehmers kann gegebenenfalls gew\u00e4hlt werden, ob er sich unter seinem eigenen Namen oder unter dem Namen seines Ehegatten oder eingetragenen Partners anmelden m\u00f6chte. Diese Angaben werden f\u00fcr die Ausstellung eines Diploms oder Zertifikats verwendet.<\/li><\/ol><p><strong>\u00a0<\/strong><\/p><p><strong>Artikel 3 Stornierung durch den Kunden<\/strong><\/p><ol><li>Der Auftraggeber einer Fortbildungsma\u00dfnahme hat das Recht, die Teilnahme an einer Fortbildungsma\u00dfnahme oder den Auftrag dazu zu stornieren.<\/li><li>Stornierungen k\u00f6nnen nur schriftlich oder per E-Mail vorgenommen werden. Telefonische Stornierungen m\u00fcssen vom Kunden immer schriftlich best\u00e4tigt werden. Nach Erhalt einer Stornierung schickt Training Centre Crescendo BV immer eine Best\u00e4tigung der Stornierung und eine Beschreibung der damit verbundenen Konsequenzen.<\/li><li>Bei einer Stornierung 7 bis 4 Tage vor Beginn der betreffenden Schulungsma\u00dfnahme stellt das Schulungszentrum Crescendo BV den Betrag von 25 % der Bestellung in Rechnung. Bei einer Stornierung bis zu einem Tag vor dem Starttermin stellt das Schulungszentrum 50% des Auftrags in Rechnung, danach 100%.<\/li><li>Der Grund f\u00fcr die K\u00fcndigung ist in allen F\u00e4llen unerheblich. Als Stornierungsdatum gilt das Datum des Poststempels oder des Faxes, d. h. das Datum, an dem die schriftliche Stornierung abgesendet wurde.<\/li><\/ol><p><strong>\u00a0<\/strong><\/p><p><strong>Artikel 4 Annullierung, Verschiebung und Ablehnung durch Trainingscentrum Crescendo BV<\/strong><\/p><ol><li>Trainingscentrum Crescendo BV hat das Recht, eine Aktivit\u00e4t bis zu f\u00fcnf Arbeitstage vor dem ersten Auff\u00fchrungsdatum zu stornieren oder zu verschieben, wenn Trainingscentrum Crescendo BV der Meinung ist, dass es daf\u00fcr einen ausreichenden Grund gibt. Trainingscentrum Crescendo BV \u00fcbernimmt keine Haftung f\u00fcr Sch\u00e4den, die durch die Absage oder Verschiebung entstehen. Im Falle einer Stornierung wird die bereits gezahlte Teilnehmergeb\u00fchr von Trainingscentrum Crescendo BV in voller H\u00f6he zur\u00fcckerstattet.<\/li><li>Wenn Trainingscentrum Crescendo BV einen ausreichenden Grund sieht, kann es beschlie\u00dfen, eine Aktivit\u00e4t ganz oder teilweise an einem anderen Ort und\/oder zu einem anderen Zeitpunkt stattfinden zu lassen, als urspr\u00fcnglich mitgeteilt wurde.<\/li><li>Bei der \u00c4nderung des Termins einer Aktivit\u00e4t schuldet der Kunde keinen Betrag, wenn ihm der ge\u00e4nderte Termin nicht passt. In diesem Fall kann der Kunde die Aktivit\u00e4t kostenlos stornieren.<\/li><li>Trainingscentrum Crescendo BV hat das Recht, einen Teilnehmer aus Gr\u00fcnden abzulehnen, die es selbst zu vertreten hat. In diesem Fall hat der Kunde Anspruch auf R\u00fcckerstattung des gesamten von ihm an Trainingscentrum Crescendo BV gezahlten Betrags.<\/li><li>Im Falle einer Nichtzahlung hat Trainingscentrum Crescendo BV das Recht, den Auftraggeber von der zuk\u00fcnftigen Teilnahme an Aktivit\u00e4ten von Trainingscentrum Crescendo BV auszuschlie\u00dfen.<\/li><li>Training Centre Crescendo BV beh\u00e4lt sich das Recht vor, einem Kunden den Zugang zu einer Aktivit\u00e4t zu verweigern, wenn dieser ein Verhalten an den Tag legt, das sich eindeutig negativ auf den Lernprozess der anderen Teilnehmer auswirkt. Training Centre Crescendo BV wird sich mit dem Kunden im Voraus in Verbindung setzen, wenn er sich so verh\u00e4lt, dass ein Ausschluss von der Teilnahme droht.<\/li><\/ol><p><strong>\u00a0<\/strong><\/p><p><strong>Artikel 5 Durchf\u00fchrung des Abkommens<\/strong><\/p><ol><li>Mit dem Abschluss eines Vertrages verpflichtet sich Trainingscentrum Crescendo BV, den Auftrag nach bestem Wissen und Gewissen gem\u00e4\u00df den Anforderungen der guten fachlichen Praxis auszuf\u00fchren.<\/li><li>Wenn und soweit die ordnungsgem\u00e4\u00dfe Ausf\u00fchrung des Vertrages dies erfordert, hat Training Centre Crescendo BV das Recht, bestimmte Arbeiten durch Dritte ausf\u00fchren zu lassen.<\/li><li>Der Besteller sorgt daf\u00fcr, dass alle Daten, die Trainingscentrum Crescendo BV als notwendig angibt oder von denen der Besteller vern\u00fcnftigerweise annehmen darf, dass sie f\u00fcr die Ausf\u00fchrung des Vertrages notwendig sind, rechtzeitig an Trainingscentrum Crescendo BV \u00fcbermittelt werden.<\/li><\/ol><p><strong>\u00a0<\/strong><\/p><p><strong>Artikel 6 Vertragsdauer, Leistungszeitraum<\/strong><\/p><ol><li>Der Vertrag wird f\u00fcr eine bestimmte Zeit der Aktivit\u00e4ten geschlossen, wie sie im Informationsmaterial im Internet, in Prospekten und Brosch\u00fcren usw. angek\u00fcndigt und schriftlich best\u00e4tigt werden, es sei denn, die Parteien vereinbaren ausdr\u00fccklich schriftlich etwas anderes.<\/li><li>Wenn innerhalb der Vertragslaufzeit ein Termin f\u00fcr die Fertigstellung bestimmter Arbeiten vereinbart wird, ist dies niemals eine Frist. Bei \u00dcberschreitung des Termins muss der Besteller daher Trainingscentrum Crescendo BV schriftlich in Verzug setzen.<\/li><\/ol><p><strong>\u00a0<\/strong><\/p><p><strong>Artikel 7 \u00c4nderung des Abkommens<\/strong><\/p><ol><li>Stellt sich w\u00e4hrend der Ausf\u00fchrung des Vertrags heraus, dass es f\u00fcr eine ordnungsgem\u00e4\u00dfe Ausf\u00fchrung notwendig ist, die auszuf\u00fchrenden Arbeiten zu \u00e4ndern oder zu erg\u00e4nzen, werden die Parteien den Vertrag rechtzeitig und in gegenseitiger Absprache entsprechend anpassen.<\/li><li>Wenn die Parteien vereinbaren, dass der Vertrag ge\u00e4ndert oder erg\u00e4nzt wird, kann sich dadurch der Zeitpunkt der Ausf\u00fchrung \u00e4ndern. Das Ausbildungszentrum Crescendo BV wird den Auftraggeber so schnell wie m\u00f6glich dar\u00fcber informieren.<\/li><li>Wenn die \u00c4nderung oder Erg\u00e4nzung des Vertrages finanzielle und\/oder qualitative Folgen hat, wird Training Centre Crescendo BV den Abnehmer im Voraus informieren.<\/li><li>Abweichend von Absatz 3 berechnet das Ausbildungszentrum Crescendo BV keine zus\u00e4tzlichen Kosten, wenn die \u00c4nderung oder Erg\u00e4nzung auf Umst\u00e4nde zur\u00fcckzuf\u00fchren ist, die ihm zuzurechnen sind.<\/li><\/ol><p><strong>\u00a0<\/strong><\/p><p><strong>Artikel 8 Vorl\u00e4ufige K\u00fcndigung durch den Kunden<\/strong><\/p><ol><li>Bricht der Kunde die Teilnahme nach Beginn der Fortbildungsma\u00dfnahme ab oder nimmt er aus anderen Gr\u00fcnden nicht an dem Kurs teil, schuldet er die Zahlung der vollen Kosten. Es besteht kein Anspruch auf Erstattung oder Erlass.<\/li><li>Eine zwischenzeitliche Beendigung des Kurses muss schriftlich mitgeteilt werden. Die Nichtteilnahme am Unterricht gilt nicht als Abmeldung.<\/li><\/ol><p><strong>\u00a0<\/strong><\/p><p><strong>Artikel 9 Preise und Rechnungsstellung<\/strong><\/p><ol><li>Sofern nicht anders angegeben, enthalten die Vertr\u00e4ge mit Trainingscentrum Crescendo BV einen Festpreis, der in den Informationsmaterialien im Internet, in Prospekten und Brosch\u00fcren usw. angek\u00fcndigt und in der Best\u00e4tigung und den Rechnungen angegeben ist.<\/li><li>Alle im Angebot genannten Preise verstehen sich, sofern nicht anders angegeben, zuz\u00fcglich Mehrwertsteuer.<\/li><li>Die Preise sind verbindlich.<\/li><li>Sofern nicht anders angegeben, sind in den Preisen die Pr\u00fcfungsgeb\u00fchren und die Kosten f\u00fcr das Studienmaterial enthalten.<\/li><li>Die Kosten f\u00fcr eine Aktivit\u00e4t werden bei der Best\u00e4tigung der Anmeldung im Voraus in Rechnung gestellt. Der Kunde muss die f\u00e4llige Kursgeb\u00fchr sp\u00e4testens vierzehn Tage nach dem Rechnungsdatum auf die von Training Centre Crescendo BV angegebene Weise bezahlen.<\/li><li>Bij niet-betaling volgt binnen 5 dagen een herinnering om uiterlijk binnen 5 dagen alsnog het bedrag te voldoen. Indien de opdrachtgever niet tijdig voldoet aan de betalingsverplichting, behoudt Trainingscentrum Crescendo BV zich het recht voor de opdrachtgever uit te sluiten van deelname aan de opleidingsactiviteit en\/of examens. De opdrachtgever blijft te allen tijde aansprakelijk voor zijn betalingsverplichting. Bij niet of niet tijdige betaling is de opdrachtgever over het openstaande bedrag, inclusief eventueel te berekenen BTW, de wettelijke rente verschuldigd.<\/li><li>Der Besteller hat die Zahlung in der vereinbarten W\u00e4hrung ohne Abzug und ohne Aufschub wegen eines tats\u00e4chlichen oder angeblichen Mangels seitens Trainingscentrum Crescendo BV zu leisten, unbeschadet des eventuellen Rechts des Bestellers auf Schadenersatz in dieser Hinsicht.<\/li><li>Eine Auszahlung ist nur m\u00f6glich, wenn ein entsprechender schriftlicher Antrag positiv beschieden wurde. Ein solcher Antrag kann bei der Verwaltung von Training Centre Crescendo BV eingereicht werden.<\/li><\/ol><p><strong>\u00a0<\/strong><\/p><p><strong>Artikel 10 Inkassokosten<\/strong><\/p><p>Bij achterwege blijven van tijdige betaling staat het Trainingscentrum Crescendo BV vrij de vordering ter incasso uit handen te geven. In dat geval komen alle kosten, zowel gerechtelijke als buitengerechtelijke, ten laste van de opdrachtgever. Daaronder zullen steeds zijn begrepen de kosten van incassobureaus, alsmede de kosten van het loon van deurwaarders en advocaten, ook indien deze de in rechte toe te wijzen proceskosten overschrijden. In ieder geval zal verschuldigd zijn bij niet-tijdige betaling voor buitengerechtelijke incassokosten een bedrag groot 15% van het verschuldigde bedrag.<\/p><p><strong>\u00a0<\/strong><\/p><p><strong>Artikel 11 Vertraulichkeit<\/strong><\/p><p>Beide Parteien sind verpflichtet, alle vertraulichen Informationen, die sie im Rahmen der Vereinbarung von der jeweils anderen Partei oder aus anderen Quellen erhalten, vertraulich zu behandeln. Eine Information gilt als vertraulich, wenn sie von der anderen Partei mitgeteilt wurde oder sich aus der Art der Information ergibt.<\/p><p><strong>\u00a0<\/strong><\/p><p><strong>Artikel 12 Geistiges Eigentum<\/strong><\/p><ol><li>Das Ausbildungszentrum Crescendo BV beh\u00e4lt sich seine Rechte und Befugnisse gem\u00e4\u00df dem Urheberrechtsgesetz vor.<\/li><li>Alle von Trainingscentrum Crescendo BV zur Verf\u00fcgung gestellten Unterlagen (Berichte, Ratschl\u00e4ge, Kursmaterial, Software usw.) sind ausschlie\u00dflich f\u00fcr den Gebrauch des Auftraggebers bestimmt und d\u00fcrfen vom Auftraggeber ohne vorherige Zustimmung von Trainingscentrum Crescendo BV nicht vervielf\u00e4ltigt, ver\u00f6ffentlicht oder Dritten zur Kenntnis gebracht werden.<\/li><li>Trainingscentrum Crescendo BV beh\u00e4lt sich au\u00dferdem das Recht vor, die bei der Durchf\u00fchrung von Arbeiten erworbenen Kenntnisse f\u00fcr andere Zwecke zu nutzen, sofern keine vertraulichen Informationen an Dritte weitergegeben werden.<\/li><\/ol><p><strong>\u00a0<\/strong><\/p><p><strong>Artikel 13 Reklamationsfristen<\/strong><\/p><ol><li>Reklamationen \u00fcber die ausgef\u00fchrten Arbeiten und\/oder erbrachten Dienstleistungen m\u00fcssen vom Auftraggeber sp\u00e4testens 30 Tage nach Beendigung der sie betreffenden Arbeiten schriftlich bei Trainingscentrum Crescendo BV eingereicht werden.<\/li><li>Bei einer begr\u00fcndeten Reklamation wird Trainingscentrum Crescendo BV die Arbeiten dennoch wie vereinbart ausf\u00fchren, es sei denn, dass dies f\u00fcr den Auftraggeber nachweislich sinnlos geworden ist. Der Auftraggeber hat dies schriftlich mitzuteilen.<\/li><li>Wenn die nachtr\u00e4gliche Erbringung der vereinbarten Dienstleistung nicht mehr m\u00f6glich oder sinnvoll ist, haftet Training Centre Crescendo BV nur innerhalb der Grenzen von Artikel 14.<\/li><li>Sie erhalten innerhalb von 4 Tagen eine Antwort auf Ihre Beschwerde, und Training Centre Crescendo BV wird daf\u00fcr sorgen, dass die Beschwerde innerhalb von 15 Tagen bearbeitet wird.<\/li><\/ol><p><strong>\u00a0<\/strong><\/p><p><strong>Artikel 14 Haftung<\/strong><\/p><p>Wenn das Ausbildungszentrum Crescendo BV haftet, ist diese Haftung wie folgt begrenzt:<\/p><ol><li>Die Haftung von Trainingscentrum Crescendo BV ist, soweit sie durch ihre Haftpflichtversicherung gedeckt ist, auf den Betrag beschr\u00e4nkt, den der Versicherer auszahlt. Wenn der Versicherer nicht zahlt oder der Schaden nicht durch die Versicherung gedeckt ist, ist die Haftung von Trainingscentrum Crescendo BV auf das Doppelte des Rechnungswerts des Auftrags oder zumindest des Teils des Auftrags, auf den sich die Haftung bezieht, beschr\u00e4nkt.<\/li><li>Ungeachtet der Bestimmungen in Absatz 1 dieses Artikels ist die Haftung bei einem Auftrag mit einer Dauer von mehr als sechs Monaten ferner auf den Teil des Honorars beschr\u00e4nkt, der f\u00fcr die letzten sechs Monate zu zahlen ist.<\/li><li>Die in diesen Bedingungen festgelegten Haftungsbeschr\u00e4nkungen gelten nicht, wenn der Schaden auf nachweisbaren Vorsatz oder grobe Fahrl\u00e4ssigkeit seitens Trainingscentrum Crescendo BV oder seiner Erf\u00fcllungsgehilfen zur\u00fcckzuf\u00fchren ist.<\/li><li>Das Ausbildungszentrum Crescendo BV haftet niemals f\u00fcr Folgesch\u00e4den.<\/li><\/ol><p><strong>\u00a0<\/strong><\/p><p><strong>Artikel 15 Sonstige Bestimmungen<\/strong><\/p><ol><li>Von diesen Allgemeinen Gesch\u00e4ftsbedingungen abweichende Bedingungen sind schriftlich niederzulegen.<\/li><li>Die Streitigkeiten werden zun\u00e4chst einem unabh\u00e4ngigen Vermittler vorgelegt.<\/li><li>Wenn die Vermittlung durch einen Mediator nicht zu einer L\u00f6sung oder Beilegung der Streitigkeit f\u00fchrt, wird die Streitigkeit von dem zust\u00e4ndigen Gericht am Ort des Sitzes von Training Centre Crescendo BV entschieden.<\/li><li>Auf die Vertr\u00e4ge zwischen Trainingscentrum Crescendo BV und dem Auftraggeber findet ausschlie\u00dflich niederl\u00e4ndisches Recht Anwendung.<\/li><li>Es gilt immer die zuletzt hinterlegte oder die zum Zeitpunkt des Abschlusses dieses Auftrags g\u00fcltige Fassung.<\/li><\/ol>\t\t\t\t\t\t\t\t<\/div>\n\t\t\t\t<\/div>\n\t\t\t\t\t<\/div>\n\t\t\t\t<\/div>\n\t\t\t\t<\/div>","protected":false},"excerpt":{"rendered":"<p>Algemene voorwaarden Trainingscentrum Crescendo B.V. Neutronweg 1, 1627 LG, Hoorn Website: www.traincrescendo.nl E-mail: info@traincrescendo.nl Telefoon: 06 15639897 IBAN: NL45 RABO 0307 9759 91 BIC: RABONL2U BTW: NL.8558.04.920.B01 KvK: 64730646 \u00a0 ALGEMENE VOORWAARDEN VAN TRAININGSCENTRUM CRESCENDO BV \u00a0 Artikel 1 \u00a0\u00a0\u00a0\u00a0\u00a0\u00a0 Toepasselijkheid Deze voorwaarden zijn van toepassing op alle overeenkomsten met Trainingscentrum Crescendo BV betreffende de [&hellip;]<\/p>\n","protected":false},"author":106,"featured_media":0,"parent":0,"menu_order":1,"comment_status":"closed","ping_status":"closed","template":"","meta":{"_acf_changed":false,"footnotes":""},"class_list":["post-405","page","type-page","status-publish","hentry"],"acf":[],"yoast_head":"<!-- This site is optimized with the Yoast SEO plugin v27.4 - https:\/\/yoast.com\/product\/yoast-seo-wordpress\/ -->\n<title>Algemene voorwaarden - Trainingscentrum Crescendo<\/title>\n<meta name=\"robots\" content=\"index, follow, max-snippet:-1, max-image-preview:large, max-video-preview:-1\" \/>\n<link rel=\"canonical\" href=\"https:\/\/traincrescendo.nl\/de\/algemene-voorwaarden\/\" \/>\n<meta property=\"og:locale\" content=\"de_DE\" \/>\n<meta property=\"og:type\" content=\"article\" \/>\n<meta property=\"og:title\" content=\"Algemene voorwaarden - Trainingscentrum Crescendo\" \/>\n<meta property=\"og:description\" content=\"Algemene voorwaarden Trainingscentrum Crescendo B.V. Neutronweg 1, 1627 LG, Hoorn Website: www.traincrescendo.nl E-mail: info@traincrescendo.nl Telefoon: 06 15639897 IBAN: NL45 RABO 0307 9759 91 BIC: RABONL2U BTW: NL.8558.04.920.B01 KvK: 64730646 \u00a0 ALGEMENE VOORWAARDEN VAN TRAININGSCENTRUM CRESCENDO BV \u00a0 Artikel 1 \u00a0\u00a0\u00a0\u00a0\u00a0\u00a0 Toepasselijkheid Deze voorwaarden zijn van toepassing op alle overeenkomsten met Trainingscentrum Crescendo BV betreffende de [&hellip;]\" \/>\n<meta property=\"og:url\" content=\"https:\/\/traincrescendo.nl\/de\/algemene-voorwaarden\/\" \/>\n<meta property=\"og:site_name\" content=\"Trainingscentrum Crescendo\" \/>\n<meta property=\"article:modified_time\" content=\"2026-01-22T14:36:02+00:00\" \/>\n<meta name=\"twitter:card\" content=\"summary_large_image\" \/>\n<meta name=\"twitter:label1\" content=\"Gesch\u00e4tzte Lesezeit\" \/>\n\t<meta name=\"twitter:data1\" content=\"10\u00a0Minuten\" \/>\n<script type=\"application\/ld+json\" class=\"yoast-schema-graph\">{\"@context\":\"https:\\\/\\\/schema.org\",\"@graph\":[{\"@type\":\"WebPage\",\"@id\":\"https:\\\/\\\/traincrescendo.nl\\\/algemene-voorwaarden\\\/\",\"url\":\"https:\\\/\\\/traincrescendo.nl\\\/algemene-voorwaarden\\\/\",\"name\":\"Algemene voorwaarden - Trainingscentrum Crescendo\",\"isPartOf\":{\"@id\":\"https:\\\/\\\/traincrescendo.nl\\\/#website\"},\"datePublished\":\"2017-03-16T14:23:08+00:00\",\"dateModified\":\"2026-01-22T14:36:02+00:00\",\"breadcrumb\":{\"@id\":\"https:\\\/\\\/traincrescendo.nl\\\/algemene-voorwaarden\\\/#breadcrumb\"},\"inLanguage\":\"de\",\"potentialAction\":[{\"@type\":\"ReadAction\",\"target\":[\"https:\\\/\\\/traincrescendo.nl\\\/algemene-voorwaarden\\\/\"]}]},{\"@type\":\"BreadcrumbList\",\"@id\":\"https:\\\/\\\/traincrescendo.nl\\\/algemene-voorwaarden\\\/#breadcrumb\",\"itemListElement\":[{\"@type\":\"ListItem\",\"position\":1,\"name\":\"Home\",\"item\":\"https:\\\/\\\/traincrescendo.nl\\\/\"},{\"@type\":\"ListItem\",\"position\":2,\"name\":\"Algemene voorwaarden\"}]},{\"@type\":\"WebSite\",\"@id\":\"https:\\\/\\\/traincrescendo.nl\\\/#website\",\"url\":\"https:\\\/\\\/traincrescendo.nl\\\/\",\"name\":\"Trainingscentrum Crescendo\",\"description\":\"\",\"publisher\":{\"@id\":\"https:\\\/\\\/traincrescendo.nl\\\/#organization\"},\"potentialAction\":[{\"@type\":\"SearchAction\",\"target\":{\"@type\":\"EntryPoint\",\"urlTemplate\":\"https:\\\/\\\/traincrescendo.nl\\\/?s={search_term_string}\"},\"query-input\":{\"@type\":\"PropertyValueSpecification\",\"valueRequired\":true,\"valueName\":\"search_term_string\"}}],\"inLanguage\":\"de\"},{\"@type\":\"Organization\",\"@id\":\"https:\\\/\\\/traincrescendo.nl\\\/#organization\",\"name\":\"Trainingscentrum Crescendo\",\"url\":\"https:\\\/\\\/traincrescendo.nl\\\/\",\"logo\":{\"@type\":\"ImageObject\",\"inLanguage\":\"de\",\"@id\":\"https:\\\/\\\/traincrescendo.nl\\\/#\\\/schema\\\/logo\\\/image\\\/\",\"url\":\"https:\\\/\\\/traincrescendo.nl\\\/wp-content\\\/uploads\\\/2023\\\/01\\\/Kleur-Crescendo-logo-scaled-e1758794516592.png\",\"contentUrl\":\"https:\\\/\\\/traincrescendo.nl\\\/wp-content\\\/uploads\\\/2023\\\/01\\\/Kleur-Crescendo-logo-scaled-e1758794516592.png\",\"width\":2560,\"height\":1105,\"caption\":\"Trainingscentrum Crescendo\"},\"image\":{\"@id\":\"https:\\\/\\\/traincrescendo.nl\\\/#\\\/schema\\\/logo\\\/image\\\/\"}}]}<\/script>\n<!-- \/ Yoast SEO plugin. -->","yoast_head_json":{"title":"Algemene voorwaarden - Trainingscentrum Crescendo","robots":{"index":"index","follow":"follow","max-snippet":"max-snippet:-1","max-image-preview":"max-image-preview:large","max-video-preview":"max-video-preview:-1"},"canonical":"https:\/\/traincrescendo.nl\/de\/algemene-voorwaarden\/","og_locale":"de_DE","og_type":"article","og_title":"Algemene voorwaarden - Trainingscentrum Crescendo","og_description":"Algemene voorwaarden Trainingscentrum Crescendo B.V. Neutronweg 1, 1627 LG, Hoorn Website: www.traincrescendo.nl E-mail: info@traincrescendo.nl Telefoon: 06 15639897 IBAN: NL45 RABO 0307 9759 91 BIC: RABONL2U BTW: NL.8558.04.920.B01 KvK: 64730646 \u00a0 ALGEMENE VOORWAARDEN VAN TRAININGSCENTRUM CRESCENDO BV \u00a0 Artikel 1 \u00a0\u00a0\u00a0\u00a0\u00a0\u00a0 Toepasselijkheid Deze voorwaarden zijn van toepassing op alle overeenkomsten met Trainingscentrum Crescendo BV betreffende de [&hellip;]","og_url":"https:\/\/traincrescendo.nl\/de\/algemene-voorwaarden\/","og_site_name":"Trainingscentrum Crescendo","article_modified_time":"2026-01-22T14:36:02+00:00","twitter_card":"summary_large_image","twitter_misc":{"Gesch\u00e4tzte Lesezeit":"10\u00a0Minuten"},"schema":{"@context":"https:\/\/schema.org","@graph":[{"@type":"WebPage","@id":"https:\/\/traincrescendo.nl\/algemene-voorwaarden\/","url":"https:\/\/traincrescendo.nl\/algemene-voorwaarden\/","name":"Algemene voorwaarden - Trainingscentrum Crescendo","isPartOf":{"@id":"https:\/\/traincrescendo.nl\/#website"},"datePublished":"2017-03-16T14:23:08+00:00","dateModified":"2026-01-22T14:36:02+00:00","breadcrumb":{"@id":"https:\/\/traincrescendo.nl\/algemene-voorwaarden\/#breadcrumb"},"inLanguage":"de","potentialAction":[{"@type":"ReadAction","target":["https:\/\/traincrescendo.nl\/algemene-voorwaarden\/"]}]},{"@type":"BreadcrumbList","@id":"https:\/\/traincrescendo.nl\/algemene-voorwaarden\/#breadcrumb","itemListElement":[{"@type":"ListItem","position":1,"name":"Home","item":"https:\/\/traincrescendo.nl\/"},{"@type":"ListItem","position":2,"name":"Algemene voorwaarden"}]},{"@type":"WebSite","@id":"https:\/\/traincrescendo.nl\/#website","url":"https:\/\/traincrescendo.nl\/","name":"Trainingscentrum Crescendo","description":"","publisher":{"@id":"https:\/\/traincrescendo.nl\/#organization"},"potentialAction":[{"@type":"SearchAction","target":{"@type":"EntryPoint","urlTemplate":"https:\/\/traincrescendo.nl\/?s={search_term_string}"},"query-input":{"@type":"PropertyValueSpecification","valueRequired":true,"valueName":"search_term_string"}}],"inLanguage":"de"},{"@type":"Organization","@id":"https:\/\/traincrescendo.nl\/#organization","name":"Trainingscentrum Crescendo","url":"https:\/\/traincrescendo.nl\/","logo":{"@type":"ImageObject","inLanguage":"de","@id":"https:\/\/traincrescendo.nl\/#\/schema\/logo\/image\/","url":"https:\/\/traincrescendo.nl\/wp-content\/uploads\/2023\/01\/Kleur-Crescendo-logo-scaled-e1758794516592.png","contentUrl":"https:\/\/traincrescendo.nl\/wp-content\/uploads\/2023\/01\/Kleur-Crescendo-logo-scaled-e1758794516592.png","width":2560,"height":1105,"caption":"Trainingscentrum Crescendo"},"image":{"@id":"https:\/\/traincrescendo.nl\/#\/schema\/logo\/image\/"}}]}},"_links":{"self":[{"href":"https:\/\/traincrescendo.nl\/de\/wp-json\/wp\/v2\/pages\/405","targetHints":{"allow":["GET"]}}],"collection":[{"href":"https:\/\/traincrescendo.nl\/de\/wp-json\/wp\/v2\/pages"}],"about":[{"href":"https:\/\/traincrescendo.nl\/de\/wp-json\/wp\/v2\/types\/page"}],"author":[{"embeddable":true,"href":"https:\/\/traincrescendo.nl\/de\/wp-json\/wp\/v2\/users\/106"}],"replies":[{"embeddable":true,"href":"https:\/\/traincrescendo.nl\/de\/wp-json\/wp\/v2\/comments?post=405"}],"version-history":[{"count":9,"href":"https:\/\/traincrescendo.nl\/de\/wp-json\/wp\/v2\/pages\/405\/revisions"}],"predecessor-version":[{"id":6593,"href":"https:\/\/traincrescendo.nl\/de\/wp-json\/wp\/v2\/pages\/405\/revisions\/6593"}],"wp:attachment":[{"href":"https:\/\/traincrescendo.nl\/de\/wp-json\/wp\/v2\/media?parent=405"}],"curies":[{"name":"wp","href":"https:\/\/api.w.org\/{rel}","templated":true}]}}