{"id":3558,"date":"2022-12-14T16:00:12","date_gmt":"2022-12-14T15:00:12","guid":{"rendered":"https:\/\/traincrescendo.nl\/?page_id=3558"},"modified":"2025-10-27T12:32:00","modified_gmt":"2025-10-27T11:32:00","slug":"sponsoring","status":"publish","type":"page","link":"https:\/\/traincrescendo.nl\/de\/over-crescendo\/sponsoring\/","title":{"rendered":"Patenschaft"},"content":{"rendered":"<div data-elementor-type=\"wp-page\" data-elementor-id=\"3558\" class=\"elementor elementor-3558\" data-elementor-post-type=\"page\">\n\t\t\t\t<div class=\"elementor-element elementor-element-8ca2b9e e-flex e-con-boxed e-con e-parent\" data-id=\"8ca2b9e\" data-element_type=\"container\" data-e-type=\"container\" data-settings=\"{&quot;background_background&quot;:&quot;classic&quot;}\">\n\t\t\t\t\t<div class=\"e-con-inner\">\n\t\t\t\t\t<\/div>\n\t\t\t\t<\/div>\n\t\t<div class=\"elementor-element elementor-element-320f3f6 e-flex e-con-boxed e-con e-parent\" data-id=\"320f3f6\" data-element_type=\"container\" data-e-type=\"container\">\n\t\t\t\t\t<div class=\"e-con-inner\">\n\t\t<div class=\"elementor-element elementor-element-3d277a0 e-con-full e-flex e-con e-child\" data-id=\"3d277a0\" data-element_type=\"container\" data-e-type=\"container\">\n\t\t\t\t<div class=\"elementor-element elementor-element-875f4f1 elementor-widget elementor-widget-heading\" data-id=\"875f4f1\" data-element_type=\"widget\" data-e-type=\"widget\" data-widget_type=\"heading.default\">\n\t\t\t\t<div class=\"elementor-widget-container\">\n\t\t\t\t\t<h2 class=\"elementor-heading-title elementor-size-default\">Patenschaft<\/h2>\t\t\t\t<\/div>\n\t\t\t\t<\/div>\n\t\t\t\t<div class=\"elementor-element elementor-element-7c9cdb8 elementor-widget elementor-widget-text-editor\" data-id=\"7c9cdb8\" data-element_type=\"widget\" data-e-type=\"widget\" data-widget_type=\"text-editor.default\">\n\t\t\t\t<div class=\"elementor-widget-container\">\n\t\t\t\t\t\t\t\t\t<p style=\"font-weight: 400;\">Als Crescendo sind wir Sponsoren des Fu\u00dfballvereins\u00a0<strong>Hollandia<\/strong> der in Hoorn und Umgebung sehr bekannt ist. F\u00fcr uns ist nicht nur die Auswahl wichtig, sondern der gesamte Verein mit allen Mannschaften, die w\u00f6chentlich im Hollandia-Trikot Sport treiben. In der nationalen Fu\u00dfballliga sponsern wir die Fu\u00dfballvereine AZ und Ajax in verschiedenen Auspr\u00e4gungen.<\/p><p style=\"font-weight: 400;\">Wir nehmen auch an der j\u00e4hrlichen\u00a0<strong>Eisenmann<\/strong>\u00a0der in der westfriesischen Landschaft ausgetragen wird. Dieser Triathlon wird in und um Hoorn geschwommen, geradelt und gelaufen. Wir beherbergen das Bau- und Logistikteam, das jedes Mal eine gro\u00dfe Leistung vollbringt, indem es sich um Einrichtungen wie die Versorgung von Posten entlang der Strecke, Stra\u00dfensperrungen f\u00fcr L\u00e4ufer und Radfahrer, das Anlegen einer Schwimmstrecke und den Bau des Zielortes k\u00fcmmert. Nat\u00fcrlich mit viel Hilfe einer gro\u00dfen Gruppe von Freiwilligen aus den verschiedenen regionalen (Sport-)Verb\u00e4nden.<\/p>\t\t\t\t\t\t\t\t<\/div>\n\t\t\t\t<\/div>\n\t\t\t\t<\/div>\n\t\t<div class=\"elementor-element elementor-element-b6a45ee e-con-full e-flex e-con e-child\" data-id=\"b6a45ee\" data-element_type=\"container\" data-e-type=\"container\" data-settings=\"{&quot;background_background&quot;:&quot;classic&quot;}\">\n\t\t\t\t<\/div>\n\t\t\t\t\t<\/div>\n\t\t\t\t<\/div>\n\t\t\t\t<\/div>","protected":false},"excerpt":{"rendered":"<p>Sponsoring Als Crescendo zijn wij sponsor van voetbalvereniging\u00a0Hollandia welke in Hoorn en wijde omgeving grote bekendheid geniet. Voor ons is niet alleen de selectie belangrijk maar de hele vereniging met alle teams die in het shirt van Hollandia wekelijks sport beoefenen. In de landelijke voetbalcompetitie sponsoren wij voetbalclubs AZ en Ajax in diverse uitingen. Ook [&hellip;]<\/p>\n","protected":false},"author":106,"featured_media":0,"parent":116,"menu_order":0,"comment_status":"closed","ping_status":"closed","template":"","meta":{"_acf_changed":false,"footnotes":""},"class_list":["post-3558","page","type-page","status-publish","hentry"],"acf":[],"yoast_head":"<!-- This site is optimized with the Yoast SEO plugin v27.4 - https:\/\/yoast.com\/product\/yoast-seo-wordpress\/ -->\n<title>Sponsoring - Trainingscentrum Crescendo<\/title>\n<meta name=\"robots\" content=\"index, follow, max-snippet:-1, max-image-preview:large, max-video-preview:-1\" \/>\n<link rel=\"canonical\" href=\"https:\/\/traincrescendo.nl\/de\/over-crescendo\/sponsoring\/\" \/>\n<meta property=\"og:locale\" content=\"de_DE\" \/>\n<meta property=\"og:type\" content=\"article\" \/>\n<meta property=\"og:title\" content=\"Sponsoring - Trainingscentrum Crescendo\" \/>\n<meta property=\"og:description\" content=\"Sponsoring Als Crescendo zijn wij sponsor van voetbalvereniging\u00a0Hollandia welke in Hoorn en wijde omgeving grote bekendheid geniet. Voor ons is niet alleen de selectie belangrijk maar de hele vereniging met alle teams die in het shirt van Hollandia wekelijks sport beoefenen. In de landelijke voetbalcompetitie sponsoren wij voetbalclubs AZ en Ajax in diverse uitingen. Ook [&hellip;]\" \/>\n<meta property=\"og:url\" content=\"https:\/\/traincrescendo.nl\/de\/over-crescendo\/sponsoring\/\" \/>\n<meta property=\"og:site_name\" content=\"Trainingscentrum Crescendo\" \/>\n<meta property=\"article:modified_time\" content=\"2025-10-27T11:32:00+00:00\" \/>\n<meta name=\"twitter:card\" content=\"summary_large_image\" \/>\n<meta name=\"twitter:label1\" content=\"Gesch\u00e4tzte Lesezeit\" \/>\n\t<meta name=\"twitter:data1\" content=\"1\u00a0Minute\" \/>\n<script type=\"application\/ld+json\" class=\"yoast-schema-graph\">{\"@context\":\"https:\\\/\\\/schema.org\",\"@graph\":[{\"@type\":\"WebPage\",\"@id\":\"https:\\\/\\\/traincrescendo.nl\\\/over-crescendo\\\/sponsoring\\\/\",\"url\":\"https:\\\/\\\/traincrescendo.nl\\\/over-crescendo\\\/sponsoring\\\/\",\"name\":\"Sponsoring - Trainingscentrum Crescendo\",\"isPartOf\":{\"@id\":\"https:\\\/\\\/traincrescendo.nl\\\/#website\"},\"datePublished\":\"2022-12-14T15:00:12+00:00\",\"dateModified\":\"2025-10-27T11:32:00+00:00\",\"breadcrumb\":{\"@id\":\"https:\\\/\\\/traincrescendo.nl\\\/over-crescendo\\\/sponsoring\\\/#breadcrumb\"},\"inLanguage\":\"de\",\"potentialAction\":[{\"@type\":\"ReadAction\",\"target\":[\"https:\\\/\\\/traincrescendo.nl\\\/over-crescendo\\\/sponsoring\\\/\"]}]},{\"@type\":\"BreadcrumbList\",\"@id\":\"https:\\\/\\\/traincrescendo.nl\\\/over-crescendo\\\/sponsoring\\\/#breadcrumb\",\"itemListElement\":[{\"@type\":\"ListItem\",\"position\":1,\"name\":\"Home\",\"item\":\"https:\\\/\\\/traincrescendo.nl\\\/\"},{\"@type\":\"ListItem\",\"position\":2,\"name\":\"Over Crescendo\",\"item\":\"https:\\\/\\\/traincrescendo.nl\\\/over-crescendo\\\/\"},{\"@type\":\"ListItem\",\"position\":3,\"name\":\"Sponsoring\"}]},{\"@type\":\"WebSite\",\"@id\":\"https:\\\/\\\/traincrescendo.nl\\\/#website\",\"url\":\"https:\\\/\\\/traincrescendo.nl\\\/\",\"name\":\"Trainingscentrum Crescendo\",\"description\":\"\",\"publisher\":{\"@id\":\"https:\\\/\\\/traincrescendo.nl\\\/#organization\"},\"potentialAction\":[{\"@type\":\"SearchAction\",\"target\":{\"@type\":\"EntryPoint\",\"urlTemplate\":\"https:\\\/\\\/traincrescendo.nl\\\/?s={search_term_string}\"},\"query-input\":{\"@type\":\"PropertyValueSpecification\",\"valueRequired\":true,\"valueName\":\"search_term_string\"}}],\"inLanguage\":\"de\"},{\"@type\":\"Organization\",\"@id\":\"https:\\\/\\\/traincrescendo.nl\\\/#organization\",\"name\":\"Trainingscentrum Crescendo\",\"url\":\"https:\\\/\\\/traincrescendo.nl\\\/\",\"logo\":{\"@type\":\"ImageObject\",\"inLanguage\":\"de\",\"@id\":\"https:\\\/\\\/traincrescendo.nl\\\/#\\\/schema\\\/logo\\\/image\\\/\",\"url\":\"https:\\\/\\\/traincrescendo.nl\\\/wp-content\\\/uploads\\\/2023\\\/01\\\/Kleur-Crescendo-logo-scaled-e1758794516592.png\",\"contentUrl\":\"https:\\\/\\\/traincrescendo.nl\\\/wp-content\\\/uploads\\\/2023\\\/01\\\/Kleur-Crescendo-logo-scaled-e1758794516592.png\",\"width\":2560,\"height\":1105,\"caption\":\"Trainingscentrum Crescendo\"},\"image\":{\"@id\":\"https:\\\/\\\/traincrescendo.nl\\\/#\\\/schema\\\/logo\\\/image\\\/\"}}]}<\/script>\n<!-- \/ Yoast SEO plugin. -->","yoast_head_json":{"title":"Sponsoring - Trainingscentrum Crescendo","robots":{"index":"index","follow":"follow","max-snippet":"max-snippet:-1","max-image-preview":"max-image-preview:large","max-video-preview":"max-video-preview:-1"},"canonical":"https:\/\/traincrescendo.nl\/de\/over-crescendo\/sponsoring\/","og_locale":"de_DE","og_type":"article","og_title":"Sponsoring - Trainingscentrum Crescendo","og_description":"Sponsoring Als Crescendo zijn wij sponsor van voetbalvereniging\u00a0Hollandia welke in Hoorn en wijde omgeving grote bekendheid geniet. Voor ons is niet alleen de selectie belangrijk maar de hele vereniging met alle teams die in het shirt van Hollandia wekelijks sport beoefenen. In de landelijke voetbalcompetitie sponsoren wij voetbalclubs AZ en Ajax in diverse uitingen. Ook [&hellip;]","og_url":"https:\/\/traincrescendo.nl\/de\/over-crescendo\/sponsoring\/","og_site_name":"Trainingscentrum Crescendo","article_modified_time":"2025-10-27T11:32:00+00:00","twitter_card":"summary_large_image","twitter_misc":{"Gesch\u00e4tzte Lesezeit":"1\u00a0Minute"},"schema":{"@context":"https:\/\/schema.org","@graph":[{"@type":"WebPage","@id":"https:\/\/traincrescendo.nl\/over-crescendo\/sponsoring\/","url":"https:\/\/traincrescendo.nl\/over-crescendo\/sponsoring\/","name":"Sponsoring - Trainingscentrum Crescendo","isPartOf":{"@id":"https:\/\/traincrescendo.nl\/#website"},"datePublished":"2022-12-14T15:00:12+00:00","dateModified":"2025-10-27T11:32:00+00:00","breadcrumb":{"@id":"https:\/\/traincrescendo.nl\/over-crescendo\/sponsoring\/#breadcrumb"},"inLanguage":"de","potentialAction":[{"@type":"ReadAction","target":["https:\/\/traincrescendo.nl\/over-crescendo\/sponsoring\/"]}]},{"@type":"BreadcrumbList","@id":"https:\/\/traincrescendo.nl\/over-crescendo\/sponsoring\/#breadcrumb","itemListElement":[{"@type":"ListItem","position":1,"name":"Home","item":"https:\/\/traincrescendo.nl\/"},{"@type":"ListItem","position":2,"name":"Over Crescendo","item":"https:\/\/traincrescendo.nl\/over-crescendo\/"},{"@type":"ListItem","position":3,"name":"Sponsoring"}]},{"@type":"WebSite","@id":"https:\/\/traincrescendo.nl\/#website","url":"https:\/\/traincrescendo.nl\/","name":"Trainingscentrum Crescendo","description":"","publisher":{"@id":"https:\/\/traincrescendo.nl\/#organization"},"potentialAction":[{"@type":"SearchAction","target":{"@type":"EntryPoint","urlTemplate":"https:\/\/traincrescendo.nl\/?s={search_term_string}"},"query-input":{"@type":"PropertyValueSpecification","valueRequired":true,"valueName":"search_term_string"}}],"inLanguage":"de"},{"@type":"Organization","@id":"https:\/\/traincrescendo.nl\/#organization","name":"Trainingscentrum Crescendo","url":"https:\/\/traincrescendo.nl\/","logo":{"@type":"ImageObject","inLanguage":"de","@id":"https:\/\/traincrescendo.nl\/#\/schema\/logo\/image\/","url":"https:\/\/traincrescendo.nl\/wp-content\/uploads\/2023\/01\/Kleur-Crescendo-logo-scaled-e1758794516592.png","contentUrl":"https:\/\/traincrescendo.nl\/wp-content\/uploads\/2023\/01\/Kleur-Crescendo-logo-scaled-e1758794516592.png","width":2560,"height":1105,"caption":"Trainingscentrum Crescendo"},"image":{"@id":"https:\/\/traincrescendo.nl\/#\/schema\/logo\/image\/"}}]}},"_links":{"self":[{"href":"https:\/\/traincrescendo.nl\/de\/wp-json\/wp\/v2\/pages\/3558","targetHints":{"allow":["GET"]}}],"collection":[{"href":"https:\/\/traincrescendo.nl\/de\/wp-json\/wp\/v2\/pages"}],"about":[{"href":"https:\/\/traincrescendo.nl\/de\/wp-json\/wp\/v2\/types\/page"}],"author":[{"embeddable":true,"href":"https:\/\/traincrescendo.nl\/de\/wp-json\/wp\/v2\/users\/106"}],"replies":[{"embeddable":true,"href":"https:\/\/traincrescendo.nl\/de\/wp-json\/wp\/v2\/comments?post=3558"}],"version-history":[{"count":15,"href":"https:\/\/traincrescendo.nl\/de\/wp-json\/wp\/v2\/pages\/3558\/revisions"}],"predecessor-version":[{"id":6483,"href":"https:\/\/traincrescendo.nl\/de\/wp-json\/wp\/v2\/pages\/3558\/revisions\/6483"}],"up":[{"embeddable":true,"href":"https:\/\/traincrescendo.nl\/de\/wp-json\/wp\/v2\/pages\/116"}],"wp:attachment":[{"href":"https:\/\/traincrescendo.nl\/de\/wp-json\/wp\/v2\/media?parent=3558"}],"curies":[{"name":"wp","href":"https:\/\/api.w.org\/{rel}","templated":true}]}}