{"id":1081,"date":"2018-06-04T15:56:08","date_gmt":"2018-06-04T14:56:08","guid":{"rendered":"https:\/\/traincrescendo.nl\/?page_id=1081"},"modified":"2025-09-30T07:58:52","modified_gmt":"2025-09-30T06:58:52","slug":"privacyverklaring","status":"publish","type":"page","link":"https:\/\/traincrescendo.nl\/de\/privacyverklaring\/","title":{"rendered":"Erkl\u00e4rung zum Datenschutz"},"content":{"rendered":"<div data-elementor-type=\"wp-page\" data-elementor-id=\"1081\" class=\"elementor elementor-1081\" data-elementor-post-type=\"page\">\n\t\t\t\t<div class=\"elementor-element elementor-element-7ea31977 e-flex e-con-boxed e-con e-parent\" data-id=\"7ea31977\" data-element_type=\"container\" data-e-type=\"container\" data-settings=\"{&quot;background_background&quot;:&quot;classic&quot;}\">\n\t\t\t\t\t<div class=\"e-con-inner\">\n\t\t\t\t\t<\/div>\n\t\t\t\t<\/div>\n\t\t<div class=\"elementor-element elementor-element-ccfc7ed e-flex e-con-boxed e-con e-parent\" data-id=\"ccfc7ed\" data-element_type=\"container\" data-e-type=\"container\">\n\t\t\t\t\t<div class=\"e-con-inner\">\n\t\t\t\t<div class=\"elementor-element elementor-element-4462eda elementor-widget elementor-widget-heading\" data-id=\"4462eda\" data-element_type=\"widget\" data-e-type=\"widget\" data-widget_type=\"heading.default\">\n\t\t\t\t<div class=\"elementor-widget-container\">\n\t\t\t\t\t<h1 class=\"elementor-heading-title elementor-size-default\">Erkl\u00e4rung zum Datenschutz<\/h1>\t\t\t\t<\/div>\n\t\t\t\t<\/div>\n\t\t\t\t<div class=\"elementor-element elementor-element-a9d4ed2 elementor-widget__width-initial elementor-widget-tablet__width-inherit elementor-widget elementor-widget-text-editor\" data-id=\"a9d4ed2\" data-element_type=\"widget\" data-e-type=\"widget\" data-widget_type=\"text-editor.default\">\n\t\t\t\t<div class=\"elementor-widget-container\">\n\t\t\t\t\t\t\t\t\t<p>In der Datenschutzerkl\u00e4rung k\u00f6nnen Sie nachlesen, wie das Ausbildungszentrum Crescendo mit personenbezogenen Daten umgeht. Wir handeln im Rahmen der Regeln der europ\u00e4ischen Datenschutzgesetzgebung - General Data Protection Regulation (AVG). Darin nimmt Trainingscentrum Crescendo ausdr\u00fccklich R\u00fccksicht auf die Privatsph\u00e4re eines jeden.<\/p><p><strong>Erkl\u00e4rung zum Datenschutz:<\/strong><\/p><p>Das Ausbildungszentrum Crescendo speichert Daten \u00fcber Sie oder verarbeitet Daten von Ihnen, wenn Sie selbst Ihre Daten \u00fcber das Kontaktformular auf der Website oder das Anmeldeformular eingegeben haben oder wenn Sie eine unserer anderen Dienstleistungen in Anspruch genommen haben.<\/p><p>Das Ausbildungszentrum Crescendo verarbeitet die folgenden personenbezogenen Daten:<\/p><ul><li>Vornamen<\/li><li>Nachname<\/li><li>Adresse<\/li><li>Postleitzahl<\/li><li>Aufenthalt<\/li><li>E-Mail Adresse<\/li><li>Rufnummer<\/li><li>Datum der Geburt<\/li><li>Ort der Geburt<\/li><li>BSN (falls zutreffend)<\/li><li>Daten zum Zertifikat<\/li><\/ul><p><strong>Wozu braucht das Ausbildungszentrum Crescendo diese Daten? <\/strong><\/p><p>Das Ausbildungszentrum Crescendo verarbeitet Ihre pers\u00f6nlichen Daten z.B. f\u00fcr die Anmeldung zur Ausbildung. Der Grund daf\u00fcr ist, dass verschiedene Pr\u00fcfungsstellen\/Agenturen Ihre pers\u00f6nlichen Daten erhalten m\u00f6chten, um auf dieser Grundlage ein personalisiertes Zertifikat zu erstellen.<\/p><p>Dar\u00fcber hinaus verwendet das Ausbildungszentrum Crescendo Ihre Daten, um mit Ihnen telefonisch Kontakt aufzunehmen, wenn Sie dies w\u00fcnschen, oder um Ihnen Einladungen und\/oder Newsletter zu schicken, wenn Sie uns darum bitten.<\/p><p>Schlie\u00dflich kann das Ausbildungszentrum Crescendo Ihre personenbezogenen Daten im Rahmen der Erf\u00fcllung eines Vertrages mit Ihnen verwenden, der in der Regel aus juristischen Dienstleistungen besteht.<\/p><p><strong>Wie lange speichert das Ausbildungszentrum Crescendo Ihre personenbezogenen Daten?<\/strong><\/p><p>Das Trainingscentrum Crescendo speichert Ihre personenbezogenen Daten nicht l\u00e4nger als unbedingt erforderlich. Wenn Sie w\u00fcnschen, dass Trainingscentrum Crescendo Ihre Trainingsdaten weiterhin verwaltet, werden wir sie so lange aufbewahren, wie sie g\u00fcltig sind. Nach Ablauf der G\u00fcltigkeitsdauer werden sie vernichtet, wenn Sie unser Trainingscentrum nicht mehr nutzen m\u00f6chten.<\/p><p>Wenn es nur zu einem Kontakt, aber nicht zu einer Inanspruchnahme unserer Dienstleistungen gekommen ist, werden wir Ihre Daten nicht l\u00e4nger als n\u00f6tig speichern.<\/p><p><strong>Werden meine pers\u00f6nlichen Daten an andere Parteien weitergegeben? <\/strong><\/p><p>Das Ausbildungszentrum Crescendo gibt Ihre personenbezogenen Daten nur dann an Dritte weiter, wenn dies erforderlich ist, um eine Dienstleistung f\u00fcr oder mit Ihnen zu erbringen oder um einer gesetzlichen Verpflichtung nachzukommen. Denken Sie zum Beispiel an die Weitergabe von Daten an das Pr\u00fcfungsamt oder wenn Sie uns die Erlaubnis erteilen, Ihre Daten z. B. an Ihren Arbeitgeber oder eine andere interessierte Partei weiterzugeben.<\/p><p><strong>Kann ich meine eigenen Daten einsehen, \u00e4ndern oder l\u00f6schen?<\/strong><\/p><p>Sie haben jederzeit das Recht, Ihre personenbezogenen Daten einzusehen, zu berichtigen oder zu l\u00f6schen. Sie k\u00f6nnen einen Antrag auf Einsichtnahme, Berichtigung oder L\u00f6schung an folgende Adresse senden <a href=\"mailto:info@traincrescendo.nl\" target=\"_blank\" rel=\"noopener\"><span class=\"elementor-icon-list-text\">info@traincrescendo.nl<\/span><\/a> mit dem Gegenstand der Einsichtnahme\/Berichtigung\/L\u00f6schung personenbezogener Daten.<\/p><p>Nach den Bestimmungen des AVG werden Sie innerhalb eines Monats benachrichtigt. Das Ausbildungszentrum Crescendo bem\u00fcht sich, Ihre Anfrage so schnell wie m\u00f6glich zu beantworten. bem\u00fcht sich, Ihre Anfrage so schnell wie m\u00f6glich zu beantworten, innerhalb von 5 Arbeitstagen.<\/p><p><strong>\u00a0<\/strong><\/p><p><strong>Sicherheit pers\u00f6nlicher Daten?<\/strong><\/p><p>Das Schulungszentrum Crescendo nimmt den Schutz Ihrer Daten sehr ernst und ergreift daher geeignete Ma\u00dfnahmen, um Verlust, Missbrauch, unerw\u00fcnschte Offenlegung, unbefugte \u00c4nderungen und unbefugten Zugriff zu verhindern, indem es ein Verarbeitungsverzeichnis f\u00fchrt.<\/p><p>Die Website des Crescendo Training Centre verwendet ein zuverl\u00e4ssiges SSL-Zertifikat, um sicherzustellen, dass personenbezogene Daten nicht in falsche H\u00e4nde geraten.<\/p><p>Wenn Sie dennoch den Eindruck haben, dass personenbezogene Daten nicht ordnungsgem\u00e4\u00df gesichert sind, es Anzeichen f\u00fcr einen Missbrauch gibt oder Sie mehr Informationen \u00fcber die Sicherheit der erhobenen personenbezogenen Daten w\u00fcnschen? Dann kontaktieren Sie uns bitte jederzeit unter:<\/p><p><strong>Trainingscentrum Crescendo<\/strong><br \/>Neutronenstra\u00dfe 1<br \/>1627 LG Hoorn<\/p><p>E\u00a0\u00a0<span class=\"elementor-icon-list-text\" style=\"align-self: center; padding-left: 5px; transition: color 0.3s ease 0s; display: inline !important;\">info@traincrescendo.nl<\/span><br \/>M +31 229 - 729 430<\/p><p>Handelskammer Nr.: 64730646<br \/>MwSt.-Nr.: NL.8558.04.920.B01<\/p>\t\t\t\t\t\t\t\t<\/div>\n\t\t\t\t<\/div>\n\t\t\t\t\t<\/div>\n\t\t\t\t<\/div>\n\t\t\t\t<\/div>","protected":false},"excerpt":{"rendered":"<p>Privacyverklaring Via de Privacyverklaring kunt u lezen hoe Trainingscentrum Crescendo omgaat met persoonsgegevens. Er wordt gehandeld binnen de regels van de Europese Privacywetgeving \u2013 Algemene Verordening gegevensbescherming (AVG). Waarbij Trainingscentrum Crescendo nadrukkelijk rekening houdt met een ieder zijn\/haar privacy. Privacyverklaring: Trainingscentrum Crescendo heeft gegevens van u in beheer of verwerkt gegevens van u, wanneer u [&hellip;]<\/p>\n","protected":false},"author":106,"featured_media":0,"parent":0,"menu_order":0,"comment_status":"closed","ping_status":"closed","template":"","meta":{"_acf_changed":false,"footnotes":""},"class_list":["post-1081","page","type-page","status-publish","hentry"],"acf":[],"yoast_head":"<!-- This site is optimized with the Yoast SEO plugin v27.4 - https:\/\/yoast.com\/product\/yoast-seo-wordpress\/ -->\n<title>Privacyverklaring - Trainingscentrum Crescendo<\/title>\n<meta name=\"robots\" content=\"index, follow, max-snippet:-1, max-image-preview:large, max-video-preview:-1\" \/>\n<link rel=\"canonical\" href=\"https:\/\/traincrescendo.nl\/de\/privacyverklaring\/\" \/>\n<meta property=\"og:locale\" content=\"de_DE\" \/>\n<meta property=\"og:type\" content=\"article\" \/>\n<meta property=\"og:title\" content=\"Privacyverklaring - Trainingscentrum Crescendo\" \/>\n<meta property=\"og:description\" content=\"Privacyverklaring Via de Privacyverklaring kunt u lezen hoe Trainingscentrum Crescendo omgaat met persoonsgegevens. Er wordt gehandeld binnen de regels van de Europese Privacywetgeving \u2013 Algemene Verordening gegevensbescherming (AVG). Waarbij Trainingscentrum Crescendo nadrukkelijk rekening houdt met een ieder zijn\/haar privacy. Privacyverklaring: Trainingscentrum Crescendo heeft gegevens van u in beheer of verwerkt gegevens van u, wanneer u [&hellip;]\" \/>\n<meta property=\"og:url\" content=\"https:\/\/traincrescendo.nl\/de\/privacyverklaring\/\" \/>\n<meta property=\"og:site_name\" content=\"Trainingscentrum Crescendo\" \/>\n<meta property=\"article:modified_time\" content=\"2025-09-30T06:58:52+00:00\" \/>\n<meta name=\"twitter:card\" content=\"summary_large_image\" \/>\n<meta name=\"twitter:label1\" content=\"Gesch\u00e4tzte Lesezeit\" \/>\n\t<meta name=\"twitter:data1\" content=\"3\u00a0Minuten\" \/>\n<script type=\"application\/ld+json\" class=\"yoast-schema-graph\">{\"@context\":\"https:\\\/\\\/schema.org\",\"@graph\":[{\"@type\":\"WebPage\",\"@id\":\"https:\\\/\\\/traincrescendo.nl\\\/privacyverklaring\\\/\",\"url\":\"https:\\\/\\\/traincrescendo.nl\\\/privacyverklaring\\\/\",\"name\":\"Privacyverklaring - Trainingscentrum Crescendo\",\"isPartOf\":{\"@id\":\"https:\\\/\\\/traincrescendo.nl\\\/#website\"},\"datePublished\":\"2018-06-04T14:56:08+00:00\",\"dateModified\":\"2025-09-30T06:58:52+00:00\",\"breadcrumb\":{\"@id\":\"https:\\\/\\\/traincrescendo.nl\\\/privacyverklaring\\\/#breadcrumb\"},\"inLanguage\":\"de\",\"potentialAction\":[{\"@type\":\"ReadAction\",\"target\":[\"https:\\\/\\\/traincrescendo.nl\\\/privacyverklaring\\\/\"]}]},{\"@type\":\"BreadcrumbList\",\"@id\":\"https:\\\/\\\/traincrescendo.nl\\\/privacyverklaring\\\/#breadcrumb\",\"itemListElement\":[{\"@type\":\"ListItem\",\"position\":1,\"name\":\"Home\",\"item\":\"https:\\\/\\\/traincrescendo.nl\\\/\"},{\"@type\":\"ListItem\",\"position\":2,\"name\":\"Privacyverklaring\"}]},{\"@type\":\"WebSite\",\"@id\":\"https:\\\/\\\/traincrescendo.nl\\\/#website\",\"url\":\"https:\\\/\\\/traincrescendo.nl\\\/\",\"name\":\"Trainingscentrum Crescendo\",\"description\":\"\",\"publisher\":{\"@id\":\"https:\\\/\\\/traincrescendo.nl\\\/#organization\"},\"potentialAction\":[{\"@type\":\"SearchAction\",\"target\":{\"@type\":\"EntryPoint\",\"urlTemplate\":\"https:\\\/\\\/traincrescendo.nl\\\/?s={search_term_string}\"},\"query-input\":{\"@type\":\"PropertyValueSpecification\",\"valueRequired\":true,\"valueName\":\"search_term_string\"}}],\"inLanguage\":\"de\"},{\"@type\":\"Organization\",\"@id\":\"https:\\\/\\\/traincrescendo.nl\\\/#organization\",\"name\":\"Trainingscentrum Crescendo\",\"url\":\"https:\\\/\\\/traincrescendo.nl\\\/\",\"logo\":{\"@type\":\"ImageObject\",\"inLanguage\":\"de\",\"@id\":\"https:\\\/\\\/traincrescendo.nl\\\/#\\\/schema\\\/logo\\\/image\\\/\",\"url\":\"https:\\\/\\\/traincrescendo.nl\\\/wp-content\\\/uploads\\\/2023\\\/01\\\/Kleur-Crescendo-logo-scaled-e1758794516592.png\",\"contentUrl\":\"https:\\\/\\\/traincrescendo.nl\\\/wp-content\\\/uploads\\\/2023\\\/01\\\/Kleur-Crescendo-logo-scaled-e1758794516592.png\",\"width\":2560,\"height\":1105,\"caption\":\"Trainingscentrum Crescendo\"},\"image\":{\"@id\":\"https:\\\/\\\/traincrescendo.nl\\\/#\\\/schema\\\/logo\\\/image\\\/\"}}]}<\/script>\n<!-- \/ Yoast SEO plugin. -->","yoast_head_json":{"title":"Privacyverklaring - Trainingscentrum Crescendo","robots":{"index":"index","follow":"follow","max-snippet":"max-snippet:-1","max-image-preview":"max-image-preview:large","max-video-preview":"max-video-preview:-1"},"canonical":"https:\/\/traincrescendo.nl\/de\/privacyverklaring\/","og_locale":"de_DE","og_type":"article","og_title":"Privacyverklaring - Trainingscentrum Crescendo","og_description":"Privacyverklaring Via de Privacyverklaring kunt u lezen hoe Trainingscentrum Crescendo omgaat met persoonsgegevens. Er wordt gehandeld binnen de regels van de Europese Privacywetgeving \u2013 Algemene Verordening gegevensbescherming (AVG). Waarbij Trainingscentrum Crescendo nadrukkelijk rekening houdt met een ieder zijn\/haar privacy. Privacyverklaring: Trainingscentrum Crescendo heeft gegevens van u in beheer of verwerkt gegevens van u, wanneer u [&hellip;]","og_url":"https:\/\/traincrescendo.nl\/de\/privacyverklaring\/","og_site_name":"Trainingscentrum Crescendo","article_modified_time":"2025-09-30T06:58:52+00:00","twitter_card":"summary_large_image","twitter_misc":{"Gesch\u00e4tzte Lesezeit":"3\u00a0Minuten"},"schema":{"@context":"https:\/\/schema.org","@graph":[{"@type":"WebPage","@id":"https:\/\/traincrescendo.nl\/privacyverklaring\/","url":"https:\/\/traincrescendo.nl\/privacyverklaring\/","name":"Privacyverklaring - Trainingscentrum Crescendo","isPartOf":{"@id":"https:\/\/traincrescendo.nl\/#website"},"datePublished":"2018-06-04T14:56:08+00:00","dateModified":"2025-09-30T06:58:52+00:00","breadcrumb":{"@id":"https:\/\/traincrescendo.nl\/privacyverklaring\/#breadcrumb"},"inLanguage":"de","potentialAction":[{"@type":"ReadAction","target":["https:\/\/traincrescendo.nl\/privacyverklaring\/"]}]},{"@type":"BreadcrumbList","@id":"https:\/\/traincrescendo.nl\/privacyverklaring\/#breadcrumb","itemListElement":[{"@type":"ListItem","position":1,"name":"Home","item":"https:\/\/traincrescendo.nl\/"},{"@type":"ListItem","position":2,"name":"Privacyverklaring"}]},{"@type":"WebSite","@id":"https:\/\/traincrescendo.nl\/#website","url":"https:\/\/traincrescendo.nl\/","name":"Trainingscentrum Crescendo","description":"","publisher":{"@id":"https:\/\/traincrescendo.nl\/#organization"},"potentialAction":[{"@type":"SearchAction","target":{"@type":"EntryPoint","urlTemplate":"https:\/\/traincrescendo.nl\/?s={search_term_string}"},"query-input":{"@type":"PropertyValueSpecification","valueRequired":true,"valueName":"search_term_string"}}],"inLanguage":"de"},{"@type":"Organization","@id":"https:\/\/traincrescendo.nl\/#organization","name":"Trainingscentrum Crescendo","url":"https:\/\/traincrescendo.nl\/","logo":{"@type":"ImageObject","inLanguage":"de","@id":"https:\/\/traincrescendo.nl\/#\/schema\/logo\/image\/","url":"https:\/\/traincrescendo.nl\/wp-content\/uploads\/2023\/01\/Kleur-Crescendo-logo-scaled-e1758794516592.png","contentUrl":"https:\/\/traincrescendo.nl\/wp-content\/uploads\/2023\/01\/Kleur-Crescendo-logo-scaled-e1758794516592.png","width":2560,"height":1105,"caption":"Trainingscentrum Crescendo"},"image":{"@id":"https:\/\/traincrescendo.nl\/#\/schema\/logo\/image\/"}}]}},"_links":{"self":[{"href":"https:\/\/traincrescendo.nl\/de\/wp-json\/wp\/v2\/pages\/1081","targetHints":{"allow":["GET"]}}],"collection":[{"href":"https:\/\/traincrescendo.nl\/de\/wp-json\/wp\/v2\/pages"}],"about":[{"href":"https:\/\/traincrescendo.nl\/de\/wp-json\/wp\/v2\/types\/page"}],"author":[{"embeddable":true,"href":"https:\/\/traincrescendo.nl\/de\/wp-json\/wp\/v2\/users\/106"}],"replies":[{"embeddable":true,"href":"https:\/\/traincrescendo.nl\/de\/wp-json\/wp\/v2\/comments?post=1081"}],"version-history":[{"count":6,"href":"https:\/\/traincrescendo.nl\/de\/wp-json\/wp\/v2\/pages\/1081\/revisions"}],"predecessor-version":[{"id":6188,"href":"https:\/\/traincrescendo.nl\/de\/wp-json\/wp\/v2\/pages\/1081\/revisions\/6188"}],"wp:attachment":[{"href":"https:\/\/traincrescendo.nl\/de\/wp-json\/wp\/v2\/media?parent=1081"}],"curies":[{"name":"wp","href":"https:\/\/api.w.org\/{rel}","templated":true}]}}